{"id":20742,"date":"2020-06-25T11:18:11","date_gmt":"2020-06-25T11:18:11","guid":{"rendered":"https:\/\/mayahai.org\/connect\/"},"modified":"2022-10-04T09:40:14","modified_gmt":"2022-10-04T09:40:14","slug":"kontakt","status":"publish","type":"page","link":"https:\/\/mayahai.org\/de\/kontakt\/","title":{"rendered":"Kontakt"},"content":{"rendered":"\t\t<div data-elementor-type=\"wp-page\" data-elementor-id=\"20742\" class=\"elementor elementor-20742\">\n\t\t\t\t\t\t<section class=\"elementor-section elementor-top-section elementor-element elementor-element-e6f7341 elementor-section-full_width elementor-section-height-default elementor-section-height-default parallax_section_no qode_elementor_container_no qode-content-aligment-left\" data-id=\"e6f7341\" data-element_type=\"section\" data-e-type=\"section\">\n\t\t\t\t\t\t<div class=\"elementor-container elementor-column-gap-no\">\n\t\t\t\t\t<div class=\"elementor-column elementor-col-50 elementor-top-column elementor-element elementor-element-95adfc4\" data-id=\"95adfc4\" data-element_type=\"column\" data-e-type=\"column\">\n\t\t\t<div class=\"elementor-widget-wrap elementor-element-populated\">\n\t\t\t\t\t\t<div class=\"elementor-element elementor-element-3438714 elementor-widget elementor-widget-text-editor\" data-id=\"3438714\" data-element_type=\"widget\" data-e-type=\"widget\" data-widget_type=\"text-editor.default\">\n\t\t\t\t<div class=\"elementor-widget-container\">\n\t\t\t\t\t\t\t\t\t<h2><span style=\"color: #bb9d5a;\">Kontaktiere uns<\/span><\/h2>\t\t\t\t\t\t\t\t<\/div>\n\t\t\t\t<\/div>\n\t\t\t\t<div class=\"elementor-element elementor-element-6f2663bb elementor-widget elementor-widget-text-editor\" data-id=\"6f2663bb\" data-element_type=\"widget\" data-e-type=\"widget\" data-widget_type=\"text-editor.default\">\n\t\t\t\t<div class=\"elementor-widget-container\">\n\t\t\t\t\t\t\t\t\t<h4>Du hast Fragen? Du suchst eine\nYiXue-Praxisgruppe\nin Deiner N\u00e4he?\nSchick uns eine Nachricht!\nWir werden Dir so schnell wie m\u00f6glich antworten. M\u00f6chtest Du vielleicht auch\nunseren Newsletter abonnieren.<\/h4>\t\t\t\t\t\t\t\t<\/div>\n\t\t\t\t<\/div>\n\t\t\t\t<div class=\"elementor-element elementor-element-7e91edf7 elementor-widget__width-auto elementor-widget elementor-widget-qbutton\" data-id=\"7e91edf7\" data-element_type=\"widget\" data-e-type=\"widget\" data-widget_type=\"qbutton.default\">\n\t\t\t\t<div class=\"elementor-widget-container\">\n\t\t\t\t\t<a href=\"#contact1\" target=\"_self\"  class=\"qbutton  underlined qbutton_with_icon\" style=\"border-color: #000000; \">Scroll down<span aria-hidden=\"true\" class=\"qode_icon_font_elegant arrow_carrot-down button_icon\" style=\"\" ><\/span><span class=\"qode-underlined-button-span\" style=\"\"><\/span><\/a>\t\t\t\t<\/div>\n\t\t\t\t<\/div>\n\t\t\t\t\t<\/div>\n\t\t<\/div>\n\t\t\t\t<div class=\"elementor-column elementor-col-50 elementor-top-column elementor-element elementor-element-9caba46\" data-id=\"9caba46\" data-element_type=\"column\" data-e-type=\"column\">\n\t\t\t<div class=\"elementor-widget-wrap elementor-element-populated\">\n\t\t\t\t\t\t<div class=\"elementor-element elementor-element-ab35b4c elementor-widget elementor-widget-image\" data-id=\"ab35b4c\" data-element_type=\"widget\" data-e-type=\"widget\" data-widget_type=\"image.default\">\n\t\t\t\t<div class=\"elementor-widget-container\">\n\t\t\t\t\t\t\t\t\t\t\t\t\t\t\t<img fetchpriority=\"high\" decoding=\"async\" width=\"1024\" height=\"1024\" src=\"https:\/\/mayahai.org\/wp-content\/uploads\/2022\/08\/Header_Heart_AdobeStock_239080633_NEW.jpg\" class=\"attachment-full size-full wp-image-19488\" alt=\"\" srcset=\"https:\/\/mayahai.org\/wp-content\/uploads\/2022\/08\/Header_Heart_AdobeStock_239080633_NEW.jpg 1024w, https:\/\/mayahai.org\/wp-content\/uploads\/2022\/08\/Header_Heart_AdobeStock_239080633_NEW-300x300.jpg 300w, https:\/\/mayahai.org\/wp-content\/uploads\/2022\/08\/Header_Heart_AdobeStock_239080633_NEW-150x150.jpg 150w, https:\/\/mayahai.org\/wp-content\/uploads\/2022\/08\/Header_Heart_AdobeStock_239080633_NEW-768x768.jpg 768w, https:\/\/mayahai.org\/wp-content\/uploads\/2022\/08\/Header_Heart_AdobeStock_239080633_NEW-550x550.jpg 550w, https:\/\/mayahai.org\/wp-content\/uploads\/2022\/08\/Header_Heart_AdobeStock_239080633_NEW-500x500.jpg 500w, https:\/\/mayahai.org\/wp-content\/uploads\/2022\/08\/Header_Heart_AdobeStock_239080633_NEW-1000x1000.jpg 1000w, https:\/\/mayahai.org\/wp-content\/uploads\/2022\/08\/Header_Heart_AdobeStock_239080633_NEW-700x700.jpg 700w, https:\/\/mayahai.org\/wp-content\/uploads\/2022\/08\/Header_Heart_AdobeStock_239080633_NEW-650x650.jpg 650w\" sizes=\"(max-width: 1024px) 100vw, 1024px\" \/>\t\t\t\t\t\t\t\t\t\t\t\t\t\t\t<\/div>\n\t\t\t\t<\/div>\n\t\t\t\t\t<\/div>\n\t\t<\/div>\n\t\t\t\t\t<\/div>\n\t\t<\/section>\n\t\t\t\t<section class=\"elementor-section elementor-top-section elementor-element elementor-element-1ed6b66e elementor-section-stretched elementor-section-boxed elementor-section-height-default elementor-section-height-default parallax_section_no qode_elementor_container_no qode-content-aligment-left\" data-id=\"1ed6b66e\" data-element_type=\"section\" data-e-type=\"section\" data-settings=\"{&quot;stretch_section&quot;:&quot;section-stretched&quot;,&quot;background_background&quot;:&quot;classic&quot;}\">\n\t\t\t\t\t\t\t<div class=\"elementor-background-overlay\"><\/div>\n\t\t\t\t\t\t\t<div class=\"elementor-container elementor-column-gap-default\">\n\t\t\t\t\t<div class=\"elementor-column elementor-col-100 elementor-top-column elementor-element elementor-element-2c2d481a\" data-id=\"2c2d481a\" data-element_type=\"column\" data-e-type=\"column\">\n\t\t\t<div class=\"elementor-widget-wrap elementor-element-populated\">\n\t\t\t\t\t\t<div class=\"elementor-element elementor-element-715a992 elementor-widget elementor-widget-menu-anchor\" data-id=\"715a992\" data-element_type=\"widget\" data-e-type=\"widget\" data-widget_type=\"menu-anchor.default\">\n\t\t\t\t<div class=\"elementor-widget-container\">\n\t\t\t\t\t\t\t<div class=\"elementor-menu-anchor\" id=\"contact1\"><\/div>\n\t\t\t\t\t\t<\/div>\n\t\t\t\t<\/div>\n\t\t\t\t<section class=\"elementor-section elementor-inner-section elementor-element elementor-element-27347577 elementor-section-boxed elementor-section-height-default elementor-section-height-default parallax_section_no qode_elementor_container_no qode-content-aligment-left\" data-id=\"27347577\" data-element_type=\"section\" data-e-type=\"section\" data-settings=\"{&quot;background_background&quot;:&quot;classic&quot;}\">\n\t\t\t\t\t\t\t<div class=\"elementor-background-overlay\"><\/div>\n\t\t\t\t\t\t\t<div class=\"elementor-container elementor-column-gap-default\">\n\t\t\t\t\t<div class=\"elementor-column elementor-col-100 elementor-inner-column elementor-element elementor-element-572ce6b6\" data-id=\"572ce6b6\" data-element_type=\"column\" data-e-type=\"column\">\n\t\t\t<div class=\"elementor-widget-wrap elementor-element-populated\">\n\t\t\t\t\t\t<div class=\"elementor-element elementor-element-2a173323 elementor-widget elementor-widget-qi_addons_for_elementor_icon_with_text\" data-id=\"2a173323\" data-element_type=\"widget\" data-e-type=\"widget\" data-widget_type=\"qi_addons_for_elementor_icon_with_text.default\">\n\t\t\t\t<div class=\"elementor-widget-container\">\n\t\t\t\t\t<div class=\"qodef-shortcode qodef-m qodef-qi-icon-with-text qodef-layout--before-content qodef-icon-boxed qodef-icon--hover-scale qodef--icon-pack qodef-column-responsive--never\" >\n\t\t\t<div class=\"qodef-m-icon-wrapper\">\n\t\t\t\t<div class=\"qodef-m-icon-holder\">\n\t\t<i aria-hidden=\"true\" class=\"far fa-comments\"><\/i>\t<\/div>\n\t\t<\/div>\n\t\t<div class=\"qodef-m-content\">\n\t\t\t<h3 class=\"qodef-m-title\">\n\t\t\t\t\t<span class=\"qodef-m-title-text\">Wenn Ihr Fragen habt, kontaktiert uns gerne<\/span>\n\t\t\t<\/h3>\n\t\t\t\t\t<div class=\"qodef-m-text\"><p>Schreibt uns eine Email an: <span style=\"color: #c1965b\"><strong>&#x69;&#110;f&#x6f;&#x40;&#109;a&#x79;&#97;h&#x61;&#x69;&#46;o&#x72;&#103;<\/strong><\/span><\/p><\/div>\n\t\t\t<\/div>\n<\/div>\n\t\t\t\t<\/div>\n\t\t\t\t<\/div>\n\t\t\t\t<div class=\"elementor-element elementor-element-5f7cee79 elementor-widget elementor-widget-qi_addons_for_elementor_icon_with_text\" data-id=\"5f7cee79\" data-element_type=\"widget\" data-e-type=\"widget\" data-widget_type=\"qi_addons_for_elementor_icon_with_text.default\">\n\t\t\t\t<div class=\"elementor-widget-container\">\n\t\t\t\t\t<div class=\"qodef-shortcode qodef-m qodef-qi-icon-with-text qodef-layout--before-content qodef-icon-boxed qodef-icon--hover-scale qodef--icon-pack qodef-column-responsive--never\" >\n\t\t\t<div class=\"qodef-m-icon-wrapper\">\n\t\t\t\t<a itemprop=\"url\" href=\"https:\/\/mayahai.org\/de\/wei-ling-yi\" target=\"_self\">\n\t<div class=\"qodef-m-icon-holder\">\n\t\t<i aria-hidden=\"true\" class=\"far fa-smile\"><\/i>\t<\/div>\n\t<\/a>\n\t\t<\/div>\n\t\t<div class=\"qodef-m-content\">\n\t\t\t<h3 class=\"qodef-m-title\">\n\t\t\t\t\t<a itemprop=\"url\" href=\"https:\/\/mayahai.org\/de\/wei-ling-yi\" target=\"_self\">\n\t\t\t\t\t<span class=\"qodef-m-title-text\">Nehmt an unseren Online-Events mit Gro\u00dfmeister Wei Ling Yi teil<\/span>\n\t\t\t\t\t<\/a>\n\t\t\t<\/h3>\n\t\t\t\t\t<div class=\"qodef-m-text\"><div class=\"elementor-element elementor-element-6fc5140 elementor-widget elementor-widget-text-editor\"><div class=\"elementor-widget-container\"><p>Lerne Wei Ling Yi und seine einzigartige YiXue Lehre in Vortr\u00e4gen und Seminaren kennen. Seine Lehren gehen \u00fcber Worte hinaus. Er lehrt auf der energetisch-spirituellen Ebene von Herz zu Herz und von Seele zu Seele. <span style=\"color: #c1965b\"><strong><a style=\"color: #c1965b\" href=\"https:\/\/mayahai.org\/de\/wei-ling-yi\/\">Klicke hier, um mehr erfahren.<\/a><\/strong><\/span><\/p><\/div><\/div><\/div>\n\t\t\t<\/div>\n<\/div>\n\t\t\t\t<\/div>\n\t\t\t\t<\/div>\n\t\t\t\t<div class=\"elementor-element elementor-element-7ea9530a elementor-widget elementor-widget-qi_addons_for_elementor_icon_with_text\" data-id=\"7ea9530a\" data-element_type=\"widget\" data-e-type=\"widget\" data-widget_type=\"qi_addons_for_elementor_icon_with_text.default\">\n\t\t\t\t<div class=\"elementor-widget-container\">\n\t\t\t\t\t<div class=\"qodef-shortcode qodef-m qodef-qi-icon-with-text qodef-layout--before-content qodef-icon-boxed qodef-icon--hover-scale qodef--icon-pack qodef-column-responsive--never\" >\n\t\t\t<div class=\"qodef-m-icon-wrapper\">\n\t\t\t\t<div class=\"qodef-m-icon-holder\">\n\t\t<i aria-hidden=\"true\" class=\"fab fa-youtube\"><\/i>\t<\/div>\n\t\t<\/div>\n\t\t<div class=\"qodef-m-content\">\n\t\t\t<h3 class=\"qodef-m-title\">\n\t\t\t\t\t<span class=\"qodef-m-title-text\">Abonniere unsere YouTube Kanal<\/span>\n\t\t\t<\/h3>\n\t\t\t\t\t<div class=\"qodef-m-text\"><p>Erhalte Updates zu unseren neuesten Videover\u00f6ffentlichungen und abonniere dazu auf den YouTube Button unten, um unseren YouTube Kanal zu abonnieren.<\/p><\/div>\n\t\t\t<\/div>\n<\/div>\n\t\t\t\t<\/div>\n\t\t\t\t<\/div>\n\t\t\t\t<div class=\"elementor-element elementor-element-4e202fc9 elementor-widget elementor-widget-html\" data-id=\"4e202fc9\" data-element_type=\"widget\" data-e-type=\"widget\" data-widget_type=\"html.default\">\n\t\t\t\t<div class=\"elementor-widget-container\">\n\t\t\t\t\t<script src=\"https:\/\/apis.google.com\/js\/platform.js\"><\/script>\n<div class=\"g-ytsubscribe\" data-channelid=\"UCXgkEiqLcZOfyp2gQf2r6aQ\" data-layout=\"default\" data-count=\"default\"><\/div>\n\t\t\t\t<\/div>\n\t\t\t\t<\/div>\n\t\t\t\t<div class=\"elementor-element elementor-element-7cab5531 elementor-widget elementor-widget-qi_addons_for_elementor_icon_with_text\" data-id=\"7cab5531\" data-element_type=\"widget\" data-e-type=\"widget\" data-widget_type=\"qi_addons_for_elementor_icon_with_text.default\">\n\t\t\t\t<div class=\"elementor-widget-container\">\n\t\t\t\t\t<div class=\"qodef-shortcode qodef-m qodef-qi-icon-with-text qodef-layout--before-content qodef-icon-boxed qodef-icon--hover-scale qodef--icon-pack qodef-column-responsive--never\" >\n\t\t\t<div class=\"qodef-m-icon-wrapper\">\n\t\t\t\t<a itemprop=\"url\" href=\"&#x6d;&#97;i&#x6c;&#116;o&#x3a;&#105;n&#x66;&#111;&#64;&#x6d;&#97;y&#x61;&#104;a&#x69;&#46;o&#x72;&#103;\" target=\"_self\">\n\t<div class=\"qodef-m-icon-holder\">\n\t\t<i aria-hidden=\"true\" class=\"far fa-paper-plane\"><\/i>\t<\/div>\n\t<\/a>\n\t\t<\/div>\n\t\t<div class=\"qodef-m-content\">\n\t\t\t<h3 class=\"qodef-m-title\">\n\t\t\t\t\t<a itemprop=\"url\" href=\"m&#97;&#x69;&#x6c;t&#111;&#x3a;&#x69;n&#102;&#x6f;&#x40;m&#97;&#x79;&#x61;h&#97;&#x69;&#x2e;o&#114;&#103;\" target=\"_self\">\n\t\t\t\t\t<span class=\"qodef-m-title-text\">Abonniert unseren Newsletter<\/span>\n\t\t\t\t\t<\/a>\n\t\t\t<\/h3>\n\t\t\t\t\t<div class=\"qodef-m-text\"><p><a href=\"&#x6d;&#x61;&#x69;&#x6c;&#x74;&#x6f;&#58;&#105;&#110;&#102;o&#64;ma&#x79;&#x61;&#x68;&#x61;&#x69;&#x2e;&#111;&#114;&#103;\" target=\"_blank\" rel=\"noopener\">Klickt auf den folgenden Link, um um Euch f\u00fcr unsere Mailingliste f\u00fcr Updates zu Events anzumelden: <\/a><span style=\"color: #c1965b\"><strong><a style=\"color: #c1965b\" href=\"https:\/\/yixue.us6.list-manage.com\/subscribe?u=0fad9ee83f639eff8b8c32ab9&amp;id=3f1104e82c\">Newsletter SignUp<\/a><\/strong><\/span><\/p><\/div>\n\t\t\t<\/div>\n<\/div>\n\t\t\t\t<\/div>\n\t\t\t\t<\/div>\n\t\t\t\t\t<\/div>\n\t\t<\/div>\n\t\t\t\t\t<\/div>\n\t\t<\/section>\n\t\t\t\t<section class=\"elementor-section elementor-inner-section elementor-element elementor-element-2404bfc3 elementor-section-boxed elementor-section-height-default elementor-section-height-default parallax_section_no qode_elementor_container_no qode-content-aligment-left\" data-id=\"2404bfc3\" data-element_type=\"section\" data-e-type=\"section\">\n\t\t\t\t\t\t<div class=\"elementor-container elementor-column-gap-default\">\n\t\t\t\t\t<div class=\"elementor-column elementor-col-66 elementor-inner-column elementor-element elementor-element-4eb9c312\" data-id=\"4eb9c312\" data-element_type=\"column\" data-e-type=\"column\">\n\t\t\t<div class=\"elementor-widget-wrap elementor-element-populated\">\n\t\t\t\t\t\t<div class=\"elementor-element elementor-element-5e17ba19 elementor-widget elementor-widget-text-editor\" data-id=\"5e17ba19\" data-element_type=\"widget\" data-e-type=\"widget\" data-widget_type=\"text-editor.default\">\n\t\t\t\t<div class=\"elementor-widget-container\">\n\t\t\t\t\t\t\t\t\t<p><strong>Lern mehr \u00fcber die YiXue auf unserer Website: <span style=\"color: #c1965b;\"><a style=\"color: #c1965b;\" href=\"http:\/\/www.yixue.de\" target=\"_blank\" rel=\"noopener\">www.yixue.de<\/a><\/span><\/strong><\/p>\t\t\t\t\t\t\t\t<\/div>\n\t\t\t\t<\/div>\n\t\t\t\t\t<\/div>\n\t\t<\/div>\n\t\t\t\t<div class=\"elementor-column elementor-col-33 elementor-inner-column elementor-element elementor-element-39fc2db7\" data-id=\"39fc2db7\" data-element_type=\"column\" data-e-type=\"column\">\n\t\t\t<div class=\"elementor-widget-wrap elementor-element-populated\">\n\t\t\t\t\t\t<div class=\"elementor-element elementor-element-ecd1fed elementor-shape-circle e-grid-align-right elementor-grid-0 elementor-widget elementor-widget-social-icons\" data-id=\"ecd1fed\" data-element_type=\"widget\" data-e-type=\"widget\" data-widget_type=\"social-icons.default\">\n\t\t\t\t<div class=\"elementor-widget-container\">\n\t\t\t\t\t\t\t<div class=\"elementor-social-icons-wrapper elementor-grid\" role=\"list\">\n\t\t\t\t\t\t\t<span class=\"elementor-grid-item\" role=\"listitem\">\n\t\t\t\t\t<a class=\"elementor-icon elementor-social-icon elementor-social-icon-facebook elementor-animation-pulse elementor-repeater-item-2eddb5e\" href=\"https:\/\/www.facebook.com\/yixue.de\" target=\"_blank\">\n\t\t\t\t\t\t<span class=\"elementor-screen-only\">Facebook<\/span>\n\t\t\t\t\t\t<i aria-hidden=\"true\" class=\"fab fa-facebook\"><\/i>\t\t\t\t\t<\/a>\n\t\t\t\t<\/span>\n\t\t\t\t\t\t\t<span class=\"elementor-grid-item\" role=\"listitem\">\n\t\t\t\t\t<a class=\"elementor-icon elementor-social-icon elementor-social-icon-instagram elementor-animation-pulse elementor-repeater-item-a861b0f\" href=\"https:\/\/www.instagram.com\/yixue.cultureofoneness\/\" target=\"_blank\">\n\t\t\t\t\t\t<span class=\"elementor-screen-only\">Instagram<\/span>\n\t\t\t\t\t\t<i aria-hidden=\"true\" class=\"fab fa-instagram\"><\/i>\t\t\t\t\t<\/a>\n\t\t\t\t<\/span>\n\t\t\t\t\t\t\t<span class=\"elementor-grid-item\" role=\"listitem\">\n\t\t\t\t\t<a class=\"elementor-icon elementor-social-icon elementor-social-icon-youtube elementor-animation-pulse elementor-repeater-item-e5dd844\" href=\"https:\/\/www.youtube.com\/c\/YiXueCulture\" target=\"_blank\">\n\t\t\t\t\t\t<span class=\"elementor-screen-only\">Youtube<\/span>\n\t\t\t\t\t\t<i aria-hidden=\"true\" class=\"fab fa-youtube\"><\/i>\t\t\t\t\t<\/a>\n\t\t\t\t<\/span>\n\t\t\t\t\t<\/div>\n\t\t\t\t\t\t<\/div>\n\t\t\t\t<\/div>\n\t\t\t\t\t<\/div>\n\t\t<\/div>\n\t\t\t\t\t<\/div>\n\t\t<\/section>\n\t\t\t\t\t<\/div>\n\t\t<\/div>\n\t\t\t\t\t<\/div>\n\t\t<\/section>\n\t\t\t\t<\/div>\n\t\t","protected":false},"excerpt":{"rendered":"<p>Kontaktiere uns Du hast Fragen? Du suchst eine YiXue-Praxisgruppe in Deiner N\u00e4he? Schick uns eine Nachricht! Wir werden Dir so schnell wie m\u00f6glich antworten. M\u00f6chtest Du vielleicht auch unseren Newsletter abonnieren. Scroll down Wenn Ihr Fragen habt, kontaktiert uns gerne Schreibt uns eine Email an:&#8230;<\/p>\n","protected":false},"author":1,"featured_media":0,"parent":0,"menu_order":0,"comment_status":"closed","ping_status":"closed","template":"elementor_header_footer","meta":{"footnotes":""},"class_list":["post-20742","page","type-page","status-publish","hentry"],"yoast_head":"<!-- This site is optimized with the Yoast SEO plugin v27.4 - https:\/\/yoast.com\/product\/yoast-seo-wordpress\/ -->\n<title>Kontakt - Ma Ya Hai \u2013 Global Mantra Project for World Peace<\/title>\n<meta name=\"robots\" content=\"index, follow, max-snippet:-1, max-image-preview:large, max-video-preview:-1\" \/>\n<link rel=\"canonical\" href=\"https:\/\/mayahai.org\/de\/kontakt\/\" \/>\n<meta property=\"og:locale\" content=\"de_DE\" \/>\n<meta property=\"og:type\" content=\"article\" \/>\n<meta property=\"og:title\" content=\"Kontakt - Ma Ya Hai \u2013 Global Mantra Project for World Peace\" \/>\n<meta property=\"og:description\" content=\"Kontaktiere uns Du hast Fragen? Du suchst eine YiXue-Praxisgruppe in Deiner N\u00e4he? Schick uns eine Nachricht! Wir werden Dir so schnell wie m\u00f6glich antworten. M\u00f6chtest Du vielleicht auch unseren Newsletter abonnieren. Scroll down Wenn Ihr Fragen habt, kontaktiert uns gerne Schreibt uns eine Email an:...\" \/>\n<meta property=\"og:url\" content=\"https:\/\/mayahai.org\/de\/kontakt\/\" \/>\n<meta property=\"og:site_name\" content=\"Ma Ya Hai \u2013 Global Mantra Project for World Peace\" \/>\n<meta property=\"article:publisher\" content=\"https:\/\/www.facebook.com\/yixue.de\" \/>\n<meta property=\"article:modified_time\" content=\"2022-10-04T09:40:14+00:00\" \/>\n<meta property=\"og:image\" content=\"https:\/\/mayahai.org\/wp-content\/uploads\/2022\/08\/Header_Heart_AdobeStock_239080633_NEW.jpg\" \/>\n<meta name=\"twitter:card\" content=\"summary_large_image\" \/>\n<meta name=\"twitter:label1\" content=\"Gesch\u00e4tzte Lesezeit\" \/>\n\t<meta name=\"twitter:data1\" content=\"2\u00a0Minuten\" \/>\n<script type=\"application\/ld+json\" class=\"yoast-schema-graph\">{\"@context\":\"https:\\\/\\\/schema.org\",\"@graph\":[{\"@type\":\"WebPage\",\"@id\":\"https:\\\/\\\/mayahai.org\\\/de\\\/kontakt\\\/\",\"url\":\"https:\\\/\\\/mayahai.org\\\/de\\\/kontakt\\\/\",\"name\":\"Kontakt - Ma Ya Hai \u2013 Global Mantra Project for World Peace\",\"isPartOf\":{\"@id\":\"https:\\\/\\\/mayahai.org\\\/de\\\/#website\"},\"primaryImageOfPage\":{\"@id\":\"https:\\\/\\\/mayahai.org\\\/de\\\/kontakt\\\/#primaryimage\"},\"image\":{\"@id\":\"https:\\\/\\\/mayahai.org\\\/de\\\/kontakt\\\/#primaryimage\"},\"thumbnailUrl\":\"https:\\\/\\\/mayahai.org\\\/wp-content\\\/uploads\\\/2022\\\/08\\\/Header_Heart_AdobeStock_239080633_NEW.jpg\",\"datePublished\":\"2020-06-25T11:18:11+00:00\",\"dateModified\":\"2022-10-04T09:40:14+00:00\",\"breadcrumb\":{\"@id\":\"https:\\\/\\\/mayahai.org\\\/de\\\/kontakt\\\/#breadcrumb\"},\"inLanguage\":\"de\",\"potentialAction\":[{\"@type\":\"ReadAction\",\"target\":[\"https:\\\/\\\/mayahai.org\\\/de\\\/kontakt\\\/\"]}]},{\"@type\":\"ImageObject\",\"inLanguage\":\"de\",\"@id\":\"https:\\\/\\\/mayahai.org\\\/de\\\/kontakt\\\/#primaryimage\",\"url\":\"https:\\\/\\\/mayahai.org\\\/wp-content\\\/uploads\\\/2022\\\/08\\\/Header_Heart_AdobeStock_239080633_NEW.jpg\",\"contentUrl\":\"https:\\\/\\\/mayahai.org\\\/wp-content\\\/uploads\\\/2022\\\/08\\\/Header_Heart_AdobeStock_239080633_NEW.jpg\"},{\"@type\":\"BreadcrumbList\",\"@id\":\"https:\\\/\\\/mayahai.org\\\/de\\\/kontakt\\\/#breadcrumb\",\"itemListElement\":[{\"@type\":\"ListItem\",\"position\":1,\"name\":\"Home\",\"item\":\"https:\\\/\\\/mayahai.org\\\/de\\\/\"},{\"@type\":\"ListItem\",\"position\":2,\"name\":\"Kontakt\"}]},{\"@type\":\"WebSite\",\"@id\":\"https:\\\/\\\/mayahai.org\\\/de\\\/#website\",\"url\":\"https:\\\/\\\/mayahai.org\\\/de\\\/\",\"name\":\"Ma Ya Hai \u2013 Global Mantra Project for World Peace\",\"description\":\"Ma Ya Hai \u2013 Global Mantra Project for World Peace\",\"publisher\":{\"@id\":\"https:\\\/\\\/mayahai.org\\\/de\\\/#organization\"},\"potentialAction\":[{\"@type\":\"SearchAction\",\"target\":{\"@type\":\"EntryPoint\",\"urlTemplate\":\"https:\\\/\\\/mayahai.org\\\/de\\\/?s={search_term_string}\"},\"query-input\":{\"@type\":\"PropertyValueSpecification\",\"valueRequired\":true,\"valueName\":\"search_term_string\"}}],\"inLanguage\":\"de\"},{\"@type\":\"Organization\",\"@id\":\"https:\\\/\\\/mayahai.org\\\/de\\\/#organization\",\"name\":\"YiXue Bildungszentrum gGmbH\",\"url\":\"https:\\\/\\\/mayahai.org\\\/de\\\/\",\"logo\":{\"@type\":\"ImageObject\",\"inLanguage\":\"de\",\"@id\":\"https:\\\/\\\/mayahai.org\\\/de\\\/#\\\/schema\\\/logo\\\/image\\\/\",\"url\":\"https:\\\/\\\/mayahai.org\\\/wp-content\\\/uploads\\\/2022\\\/05\\\/favicon-32x32-1.png\",\"contentUrl\":\"https:\\\/\\\/mayahai.org\\\/wp-content\\\/uploads\\\/2022\\\/05\\\/favicon-32x32-1.png\",\"width\":32,\"height\":32,\"caption\":\"YiXue Bildungszentrum gGmbH\"},\"image\":{\"@id\":\"https:\\\/\\\/mayahai.org\\\/de\\\/#\\\/schema\\\/logo\\\/image\\\/\"},\"sameAs\":[\"https:\\\/\\\/www.facebook.com\\\/yixue.de\",\"https:\\\/\\\/www.youtube.com\\\/c\\\/YiXueCulture\",\"https:\\\/\\\/www.instagram.com\\\/yixue.cultureofoneness\\\/\"]}]}<\/script>\n<!-- \/ Yoast SEO plugin. -->","yoast_head_json":{"title":"Kontakt - Ma Ya Hai \u2013 Global Mantra Project for World Peace","robots":{"index":"index","follow":"follow","max-snippet":"max-snippet:-1","max-image-preview":"max-image-preview:large","max-video-preview":"max-video-preview:-1"},"canonical":"https:\/\/mayahai.org\/de\/kontakt\/","og_locale":"de_DE","og_type":"article","og_title":"Kontakt - Ma Ya Hai \u2013 Global Mantra Project for World Peace","og_description":"Kontaktiere uns Du hast Fragen? Du suchst eine YiXue-Praxisgruppe in Deiner N\u00e4he? Schick uns eine Nachricht! Wir werden Dir so schnell wie m\u00f6glich antworten. M\u00f6chtest Du vielleicht auch unseren Newsletter abonnieren. Scroll down Wenn Ihr Fragen habt, kontaktiert uns gerne Schreibt uns eine Email an:...","og_url":"https:\/\/mayahai.org\/de\/kontakt\/","og_site_name":"Ma Ya Hai \u2013 Global Mantra Project for World Peace","article_publisher":"https:\/\/www.facebook.com\/yixue.de","article_modified_time":"2022-10-04T09:40:14+00:00","og_image":[{"url":"https:\/\/mayahai.org\/wp-content\/uploads\/2022\/08\/Header_Heart_AdobeStock_239080633_NEW.jpg","type":"","width":"","height":""}],"twitter_card":"summary_large_image","twitter_misc":{"Gesch\u00e4tzte Lesezeit":"2\u00a0Minuten"},"schema":{"@context":"https:\/\/schema.org","@graph":[{"@type":"WebPage","@id":"https:\/\/mayahai.org\/de\/kontakt\/","url":"https:\/\/mayahai.org\/de\/kontakt\/","name":"Kontakt - Ma Ya Hai \u2013 Global Mantra Project for World Peace","isPartOf":{"@id":"https:\/\/mayahai.org\/de\/#website"},"primaryImageOfPage":{"@id":"https:\/\/mayahai.org\/de\/kontakt\/#primaryimage"},"image":{"@id":"https:\/\/mayahai.org\/de\/kontakt\/#primaryimage"},"thumbnailUrl":"https:\/\/mayahai.org\/wp-content\/uploads\/2022\/08\/Header_Heart_AdobeStock_239080633_NEW.jpg","datePublished":"2020-06-25T11:18:11+00:00","dateModified":"2022-10-04T09:40:14+00:00","breadcrumb":{"@id":"https:\/\/mayahai.org\/de\/kontakt\/#breadcrumb"},"inLanguage":"de","potentialAction":[{"@type":"ReadAction","target":["https:\/\/mayahai.org\/de\/kontakt\/"]}]},{"@type":"ImageObject","inLanguage":"de","@id":"https:\/\/mayahai.org\/de\/kontakt\/#primaryimage","url":"https:\/\/mayahai.org\/wp-content\/uploads\/2022\/08\/Header_Heart_AdobeStock_239080633_NEW.jpg","contentUrl":"https:\/\/mayahai.org\/wp-content\/uploads\/2022\/08\/Header_Heart_AdobeStock_239080633_NEW.jpg"},{"@type":"BreadcrumbList","@id":"https:\/\/mayahai.org\/de\/kontakt\/#breadcrumb","itemListElement":[{"@type":"ListItem","position":1,"name":"Home","item":"https:\/\/mayahai.org\/de\/"},{"@type":"ListItem","position":2,"name":"Kontakt"}]},{"@type":"WebSite","@id":"https:\/\/mayahai.org\/de\/#website","url":"https:\/\/mayahai.org\/de\/","name":"Ma Ya Hai \u2013 Global Mantra Project for World Peace","description":"Ma Ya Hai \u2013 Global Mantra Project for World Peace","publisher":{"@id":"https:\/\/mayahai.org\/de\/#organization"},"potentialAction":[{"@type":"SearchAction","target":{"@type":"EntryPoint","urlTemplate":"https:\/\/mayahai.org\/de\/?s={search_term_string}"},"query-input":{"@type":"PropertyValueSpecification","valueRequired":true,"valueName":"search_term_string"}}],"inLanguage":"de"},{"@type":"Organization","@id":"https:\/\/mayahai.org\/de\/#organization","name":"YiXue Bildungszentrum gGmbH","url":"https:\/\/mayahai.org\/de\/","logo":{"@type":"ImageObject","inLanguage":"de","@id":"https:\/\/mayahai.org\/de\/#\/schema\/logo\/image\/","url":"https:\/\/mayahai.org\/wp-content\/uploads\/2022\/05\/favicon-32x32-1.png","contentUrl":"https:\/\/mayahai.org\/wp-content\/uploads\/2022\/05\/favicon-32x32-1.png","width":32,"height":32,"caption":"YiXue Bildungszentrum gGmbH"},"image":{"@id":"https:\/\/mayahai.org\/de\/#\/schema\/logo\/image\/"},"sameAs":["https:\/\/www.facebook.com\/yixue.de","https:\/\/www.youtube.com\/c\/YiXueCulture","https:\/\/www.instagram.com\/yixue.cultureofoneness\/"]}]}},"_links":{"self":[{"href":"https:\/\/mayahai.org\/de\/wp-json\/wp\/v2\/pages\/20742","targetHints":{"allow":["GET"]}}],"collection":[{"href":"https:\/\/mayahai.org\/de\/wp-json\/wp\/v2\/pages"}],"about":[{"href":"https:\/\/mayahai.org\/de\/wp-json\/wp\/v2\/types\/page"}],"author":[{"embeddable":true,"href":"https:\/\/mayahai.org\/de\/wp-json\/wp\/v2\/users\/1"}],"replies":[{"embeddable":true,"href":"https:\/\/mayahai.org\/de\/wp-json\/wp\/v2\/comments?post=20742"}],"version-history":[{"count":113,"href":"https:\/\/mayahai.org\/de\/wp-json\/wp\/v2\/pages\/20742\/revisions"}],"predecessor-version":[{"id":25951,"href":"https:\/\/mayahai.org\/de\/wp-json\/wp\/v2\/pages\/20742\/revisions\/25951"}],"wp:attachment":[{"href":"https:\/\/mayahai.org\/de\/wp-json\/wp\/v2\/media?parent=20742"}],"curies":[{"name":"wp","href":"https:\/\/api.w.org\/{rel}","templated":true}]}}