{"id":21057,"date":"2022-08-03T11:51:04","date_gmt":"2022-08-03T11:51:04","guid":{"rendered":"https:\/\/mayahai.org\/wei-ling-yi\/"},"modified":"2022-11-07T09:45:35","modified_gmt":"2022-11-07T09:45:35","slug":"wei-ling-yi","status":"publish","type":"page","link":"https:\/\/mayahai.org\/de\/wei-ling-yi\/","title":{"rendered":"Wei Ling Yi"},"content":{"rendered":"\t\t<div data-elementor-type=\"wp-page\" data-elementor-id=\"21057\" class=\"elementor elementor-21057\">\n\t\t\t\t\t\t<section class=\"elementor-section elementor-top-section elementor-element elementor-element-931328e elementor-section-full_width elementor-section-height-default elementor-section-height-default parallax_section_no qode_elementor_container_no qode-content-aligment-left\" data-id=\"931328e\" data-element_type=\"section\" data-e-type=\"section\">\n\t\t\t\t\t\t<div class=\"elementor-container elementor-column-gap-no\">\n\t\t\t\t\t<div class=\"elementor-column elementor-col-50 elementor-top-column elementor-element elementor-element-b450f7e\" data-id=\"b450f7e\" data-element_type=\"column\" data-e-type=\"column\">\n\t\t\t<div class=\"elementor-widget-wrap elementor-element-populated\">\n\t\t\t\t\t\t<div class=\"elementor-element elementor-element-8a6c6ba elementor-widget elementor-widget-image\" data-id=\"8a6c6ba\" data-element_type=\"widget\" data-e-type=\"widget\" data-widget_type=\"image.default\">\n\t\t\t\t<div class=\"elementor-widget-container\">\n\t\t\t\t\t\t\t\t\t\t\t\t\t\t\t<img fetchpriority=\"high\" decoding=\"async\" width=\"1024\" height=\"1024\" src=\"https:\/\/mayahai.org\/wp-content\/uploads\/2022\/08\/SifuAlesStenarEmbracingStone_001.jpg\" class=\"attachment-full size-full wp-image-19912\" alt=\"\" srcset=\"https:\/\/mayahai.org\/wp-content\/uploads\/2022\/08\/SifuAlesStenarEmbracingStone_001.jpg 1024w, https:\/\/mayahai.org\/wp-content\/uploads\/2022\/08\/SifuAlesStenarEmbracingStone_001-300x300.jpg 300w, https:\/\/mayahai.org\/wp-content\/uploads\/2022\/08\/SifuAlesStenarEmbracingStone_001-150x150.jpg 150w, https:\/\/mayahai.org\/wp-content\/uploads\/2022\/08\/SifuAlesStenarEmbracingStone_001-768x768.jpg 768w, https:\/\/mayahai.org\/wp-content\/uploads\/2022\/08\/SifuAlesStenarEmbracingStone_001-550x550.jpg 550w, https:\/\/mayahai.org\/wp-content\/uploads\/2022\/08\/SifuAlesStenarEmbracingStone_001-500x500.jpg 500w, https:\/\/mayahai.org\/wp-content\/uploads\/2022\/08\/SifuAlesStenarEmbracingStone_001-1000x1000.jpg 1000w, https:\/\/mayahai.org\/wp-content\/uploads\/2022\/08\/SifuAlesStenarEmbracingStone_001-700x700.jpg 700w, https:\/\/mayahai.org\/wp-content\/uploads\/2022\/08\/SifuAlesStenarEmbracingStone_001-650x650.jpg 650w\" sizes=\"(max-width: 1024px) 100vw, 1024px\" \/>\t\t\t\t\t\t\t\t\t\t\t\t\t\t\t<\/div>\n\t\t\t\t<\/div>\n\t\t\t\t\t<\/div>\n\t\t<\/div>\n\t\t\t\t<div class=\"elementor-column elementor-col-50 elementor-top-column elementor-element elementor-element-d431714\" data-id=\"d431714\" data-element_type=\"column\" data-e-type=\"column\">\n\t\t\t<div class=\"elementor-widget-wrap elementor-element-populated\">\n\t\t\t\t\t\t<div class=\"elementor-element elementor-element-2c4a333 elementor-widget elementor-widget-image\" data-id=\"2c4a333\" data-element_type=\"widget\" data-e-type=\"widget\" data-widget_type=\"image.default\">\n\t\t\t\t<div class=\"elementor-widget-container\">\n\t\t\t\t\t\t\t\t\t\t\t\t\t\t\t<img decoding=\"async\" width=\"100\" height=\"23\" src=\"https:\/\/mayahai.org\/wp-content\/uploads\/2022\/07\/Zoom_Logo_Blue-100x23-b569f5e.png\" class=\"attachment-full size-full wp-image-13264\" alt=\"\" \/>\t\t\t\t\t\t\t\t\t\t\t\t\t\t\t<\/div>\n\t\t\t\t<\/div>\n\t\t\t\t<div class=\"elementor-element elementor-element-f7946f8 elementor-widget elementor-widget-text-editor\" data-id=\"f7946f8\" data-element_type=\"widget\" data-e-type=\"widget\" data-widget_type=\"text-editor.default\">\n\t\t\t\t<div class=\"elementor-widget-container\">\n\t\t\t\t\t\t\t\t\t<h2><span style=\"color: #bb9d5a;\">Begegne einem au\u00dfergew\u00f6hnlichen<\/span><\/h2><h2><span style=\"color: #bb9d5a;\"> spirituellen Meister <\/span><\/h2>\t\t\t\t\t\t\t\t<\/div>\n\t\t\t\t<\/div>\n\t\t\t\t<div class=\"elementor-element elementor-element-6fc5140 elementor-widget elementor-widget-text-editor\" data-id=\"6fc5140\" data-element_type=\"widget\" data-e-type=\"widget\" data-widget_type=\"text-editor.default\">\n\t\t\t\t<div class=\"elementor-widget-container\">\n\t\t\t\t\t\t\t\t\t<p>Wei Ling Yi ist ein international anerkannter Weisheits- und Bewusstseinslehrer, der uns auf eine wundersch\u00f6ne, liebevolle und lebendige Weise auf unserem Lebensweg begleitet. Seine Lehren erwecken eine zeitlose Wahrheit und Weisheit in unseren Herzen, reinigen uns, enth\u00fcllen unser wahres inneres Selbst.\u00a0<span style=\"letter-spacing: 0px;\">Lerne Wei Ling Yi und seine einzigartige YiXue &#8211; Lehre in Vortr\u00e4gen und Seminaren kennen. Seine Lehren gehen \u00fcber Worte hinaus. Er lehrt auf der energetisch-spirituellen Ebene von Herz zu Herz und von Seele zu Seele. Seine Vortr\u00e4ge enthalten kraftvolle Informationen, die mit immenser Weisheit, Liebe und Mitgef\u00fchl durchdrungen sind. Diese Informationen k\u00f6nnen dein Leben auf einer tiefen Ebene ber\u00fchren und tiefgreifende Ver\u00e4nderungen bewirken.<\/span><\/p>\t\t\t\t\t\t\t\t<\/div>\n\t\t\t\t<\/div>\n\t\t\t\t<div class=\"elementor-element elementor-element-4011ef97 elementor-widget__width-auto elementor-widget elementor-widget-qbutton\" data-id=\"4011ef97\" data-element_type=\"widget\" data-e-type=\"widget\" data-widget_type=\"qbutton.default\">\n\t\t\t\t<div class=\"elementor-widget-container\">\n\t\t\t\t\t<a href=\"https:\/\/yixue.de\/online\/\" target=\"_blank\"  class=\"qbutton  underlined qbutton_with_icon\" style=\"border-color: #242424; \">Begegne Wei Ling Yi Online<span aria-hidden=\"true\" class=\"qode_icon_font_elegant arrow_right-up button_icon\" style=\"\" ><\/span><span class=\"qode-underlined-button-span\" style=\"\"><\/span><\/a>\t\t\t\t<\/div>\n\t\t\t\t<\/div>\n\t\t\t\t\t<\/div>\n\t\t<\/div>\n\t\t\t\t\t<\/div>\n\t\t<\/section>\n\t\t\t\t<section class=\"elementor-section elementor-top-section elementor-element elementor-element-c7aac35 elementor-section-full_width elementor-section-height-default elementor-section-height-default parallax_section_no qode_elementor_container_no qode-content-aligment-left\" data-id=\"c7aac35\" data-element_type=\"section\" data-e-type=\"section\">\n\t\t\t\t\t\t<div class=\"elementor-container elementor-column-gap-no\">\n\t\t\t\t\t<div class=\"elementor-column elementor-col-100 elementor-top-column elementor-element elementor-element-a56b762\" data-id=\"a56b762\" data-element_type=\"column\" data-e-type=\"column\">\n\t\t\t<div class=\"elementor-widget-wrap elementor-element-populated\">\n\t\t\t\t\t\t<div class=\"elementor-element elementor-element-f80743c elementor-widget elementor-widget-text-editor\" data-id=\"f80743c\" data-element_type=\"widget\" data-e-type=\"widget\" data-widget_type=\"text-editor.default\">\n\t\t\t\t<div class=\"elementor-widget-container\">\n\t\t\t\t\t\t\t\t\t<h2 style=\"text-align: center;\"><span style=\"color: #bb9d5a;\">Der Weg in eine neue Dimension<br\/>menschlicher Kultur<\/span><\/h2>\t\t\t\t\t\t\t\t<\/div>\n\t\t\t\t<\/div>\n\t\t\t\t<section class=\"elementor-section elementor-inner-section elementor-element elementor-element-2e69d46 elementor-section-boxed elementor-section-height-default elementor-section-height-default parallax_section_no qode_elementor_container_no qode-content-aligment-left\" data-id=\"2e69d46\" data-element_type=\"section\" data-e-type=\"section\">\n\t\t\t\t\t\t<div class=\"elementor-container elementor-column-gap-default\">\n\t\t\t\t\t<div class=\"elementor-column elementor-col-100 elementor-inner-column elementor-element elementor-element-b86aa1d\" data-id=\"b86aa1d\" data-element_type=\"column\" data-e-type=\"column\">\n\t\t\t<div class=\"elementor-widget-wrap elementor-element-populated\">\n\t\t\t\t\t\t<div class=\"elementor-element elementor-element-ed5d12c elementor-widget elementor-widget-text-editor\" data-id=\"ed5d12c\" data-element_type=\"widget\" data-e-type=\"widget\" data-widget_type=\"text-editor.default\">\n\t\t\t\t<div class=\"elementor-widget-container\">\n\t\t\t\t\t\t\t\t\t<h3><span style=\"color: #bb9d5a;\">Gr\u00fcnder der YiXue \u2013 Wei Ling Yi<\/span><\/h3><p>\u00a0<\/p><p>Wei Ling Yi ist ein spiritueller Weisheitslehrer. Er ist der Begr\u00fcnder der internationalen YiXue Lehre, <b>die Lehre der EINS<\/b>. Er begleitet spirituell Suchende und Kultivierende aus der ganzen Welt. Sein gro\u00dfer Wunsch und seine Mission ist es, allen Menschen zu helfen, sich wieder mit der kosmischen Ursprungsenergie. dem YiQi zu vereinen. In seiner gro\u00dfen Vision m\u00f6chte Wei Ling Yi durch die Lebenskultivierung vieler Menschen eine kollektive Bewusstseinsentwicklung erm\u00f6glichen, um eine neue Kultur des Lebens zu schaffen &#8211; die YiXue Kultur. Es ist eine verbindende Kultur von Himmel, Erde und Mensch, um den notwendigen Paradigmenwechsel zu erm\u00f6glichen durch<\/p><p>\u00a0<\/p><ul><li>die friedlich &#8211; revolution\u00e4re Kraft eines hohen Bewusstseins<\/li><li>die lebendige Kraft des Herzens und<\/li><li>das strahlende Licht der Seele.<\/li><\/ul><p><span style=\"letter-spacing: 0px;\">\u00a0<\/span><\/p><h3><span style=\"color: #bb9d5a;\">Ein Weg der Transformation<\/span><\/h3><p>\u00a0<\/p><p>Wei Ling Yi bietet ein einzigartiges System der Lebenskultivierung. Die von ihm entwickelte YiXue &#8211; Lehre offenbart den Weg zu Gesundheit, emotionalem Gleichgewicht, einem offenen Herzen, schrittweiser Erleuchtung und letztlich der Freiheit der Seele.<span style=\"letter-spacing: 0px;\">\u00a0Erfahre es selbst und entdecke die guten Wirkungen.<\/span><\/p>\t\t\t\t\t\t\t\t<\/div>\n\t\t\t\t<\/div>\n\t\t\t\t\t<\/div>\n\t\t<\/div>\n\t\t\t\t\t<\/div>\n\t\t<\/section>\n\t\t\t\t\t<\/div>\n\t\t<\/div>\n\t\t\t\t\t<\/div>\n\t\t<\/section>\n\t\t\t\t<section class=\"elementor-section elementor-top-section elementor-element elementor-element-ff1882c elementor-section-height-full elementor-section-boxed elementor-section-height-default elementor-section-items-middle parallax_section_no qode_elementor_container_no qode-content-aligment-left\" data-id=\"ff1882c\" data-element_type=\"section\" data-e-type=\"section\" data-settings=\"{&quot;background_background&quot;:&quot;classic&quot;}\">\n\t\t\t\t\t\t\t<div class=\"elementor-background-overlay\"><\/div>\n\t\t\t\t\t\t\t<div class=\"elementor-container elementor-column-gap-no\">\n\t\t\t\t\t<div class=\"elementor-column elementor-col-100 elementor-top-column elementor-element elementor-element-8988096\" data-id=\"8988096\" data-element_type=\"column\" data-e-type=\"column\">\n\t\t\t<div class=\"elementor-widget-wrap elementor-element-populated\">\n\t\t\t\t\t\t<div class=\"elementor-element elementor-element-55b35ed elementor-widget elementor-widget-text-editor\" data-id=\"55b35ed\" data-element_type=\"widget\" data-e-type=\"widget\" data-widget_type=\"text-editor.default\">\n\t\t\t\t<div class=\"elementor-widget-container\">\n\t\t\t\t\t\t\t\t\t<h6 style=\"text-align: center;\"><span style=\"color: #ffffff;\">Alles im Universum und in der Natur wird durch kosmische Gesetze gelenkt. <br\/>Sobald wir gelernt haben,\nmit diesen Gesetzen wieder in Harmonie zu leben,<br\/>wird sich das Leben der\u00a0Menschen\nund das Leben auf der Erde grundlegend ver\u00e4ndern.<\/span><\/h6>\t\t\t\t\t\t\t\t<\/div>\n\t\t\t\t<\/div>\n\t\t\t\t<div class=\"elementor-element elementor-element-09734ba elementor-widget elementor-widget-text-editor\" data-id=\"09734ba\" data-element_type=\"widget\" data-e-type=\"widget\" data-widget_type=\"text-editor.default\">\n\t\t\t\t<div class=\"elementor-widget-container\">\n\t\t\t\t\t\t\t\t\t<h5 style=\"text-align: center;\"><span style=\"color: #ffffff;\">WEI LING YI<\/span><\/h5>\t\t\t\t\t\t\t\t<\/div>\n\t\t\t\t<\/div>\n\t\t\t\t\t<\/div>\n\t\t<\/div>\n\t\t\t\t\t<\/div>\n\t\t<\/section>\n\t\t\t\t<\/div>\n\t\t","protected":false},"excerpt":{"rendered":"<p>Begegne einem au\u00dfergew\u00f6hnlichen spirituellen Meister Wei Ling Yi ist ein international anerkannter Weisheits- und Bewusstseinslehrer, der uns auf eine wundersch\u00f6ne, liebevolle und lebendige Weise auf unserem Lebensweg begleitet. Seine Lehren erwecken eine zeitlose Wahrheit und Weisheit in unseren Herzen, reinigen uns, enth\u00fcllen unser wahres inneres&#8230;<\/p>\n","protected":false},"author":1,"featured_media":0,"parent":0,"menu_order":0,"comment_status":"closed","ping_status":"closed","template":"full_width.php","meta":{"footnotes":""},"class_list":["post-21057","page","type-page","status-publish","hentry"],"yoast_head":"<!-- This site is optimized with the Yoast SEO plugin v27.4 - https:\/\/yoast.com\/product\/yoast-seo-wordpress\/ -->\n<title>Wei Ling Yi - Ma Ya Hai \u2013 Global Mantra Project for World Peace<\/title>\n<meta name=\"robots\" content=\"index, follow, max-snippet:-1, max-image-preview:large, max-video-preview:-1\" \/>\n<link rel=\"canonical\" href=\"https:\/\/mayahai.org\/de\/wei-ling-yi\/\" \/>\n<meta property=\"og:locale\" content=\"de_DE\" \/>\n<meta property=\"og:type\" content=\"article\" \/>\n<meta property=\"og:title\" content=\"Wei Ling Yi - Ma Ya Hai \u2013 Global Mantra Project for World Peace\" \/>\n<meta property=\"og:description\" content=\"Begegne einem au\u00dfergew\u00f6hnlichen spirituellen Meister Wei Ling Yi ist ein international anerkannter Weisheits- und Bewusstseinslehrer, der uns auf eine wundersch\u00f6ne, liebevolle und lebendige Weise auf unserem Lebensweg begleitet. Seine Lehren erwecken eine zeitlose Wahrheit und Weisheit in unseren Herzen, reinigen uns, enth\u00fcllen unser wahres inneres...\" \/>\n<meta property=\"og:url\" content=\"https:\/\/mayahai.org\/de\/wei-ling-yi\/\" \/>\n<meta property=\"og:site_name\" content=\"Ma Ya Hai \u2013 Global Mantra Project for World Peace\" \/>\n<meta property=\"article:publisher\" content=\"https:\/\/www.facebook.com\/yixue.de\" \/>\n<meta property=\"article:modified_time\" content=\"2022-11-07T09:45:35+00:00\" \/>\n<meta property=\"og:image\" content=\"https:\/\/mayahai.org\/wp-content\/uploads\/2022\/08\/SifuAlesStenarEmbracingStone_001.jpg\" \/>\n<meta name=\"twitter:card\" content=\"summary_large_image\" \/>\n<meta name=\"twitter:label1\" content=\"Gesch\u00e4tzte Lesezeit\" \/>\n\t<meta name=\"twitter:data1\" content=\"3\u00a0Minuten\" \/>\n<script type=\"application\/ld+json\" class=\"yoast-schema-graph\">{\"@context\":\"https:\\\/\\\/schema.org\",\"@graph\":[{\"@type\":\"WebPage\",\"@id\":\"https:\\\/\\\/mayahai.org\\\/de\\\/wei-ling-yi\\\/\",\"url\":\"https:\\\/\\\/mayahai.org\\\/de\\\/wei-ling-yi\\\/\",\"name\":\"Wei Ling Yi - Ma Ya Hai \u2013 Global Mantra Project for World Peace\",\"isPartOf\":{\"@id\":\"https:\\\/\\\/mayahai.org\\\/de\\\/#website\"},\"primaryImageOfPage\":{\"@id\":\"https:\\\/\\\/mayahai.org\\\/de\\\/wei-ling-yi\\\/#primaryimage\"},\"image\":{\"@id\":\"https:\\\/\\\/mayahai.org\\\/de\\\/wei-ling-yi\\\/#primaryimage\"},\"thumbnailUrl\":\"https:\\\/\\\/mayahai.org\\\/wp-content\\\/uploads\\\/2022\\\/08\\\/SifuAlesStenarEmbracingStone_001.jpg\",\"datePublished\":\"2022-08-03T11:51:04+00:00\",\"dateModified\":\"2022-11-07T09:45:35+00:00\",\"breadcrumb\":{\"@id\":\"https:\\\/\\\/mayahai.org\\\/de\\\/wei-ling-yi\\\/#breadcrumb\"},\"inLanguage\":\"de\",\"potentialAction\":[{\"@type\":\"ReadAction\",\"target\":[\"https:\\\/\\\/mayahai.org\\\/de\\\/wei-ling-yi\\\/\"]}]},{\"@type\":\"ImageObject\",\"inLanguage\":\"de\",\"@id\":\"https:\\\/\\\/mayahai.org\\\/de\\\/wei-ling-yi\\\/#primaryimage\",\"url\":\"https:\\\/\\\/mayahai.org\\\/wp-content\\\/uploads\\\/2022\\\/08\\\/SifuAlesStenarEmbracingStone_001.jpg\",\"contentUrl\":\"https:\\\/\\\/mayahai.org\\\/wp-content\\\/uploads\\\/2022\\\/08\\\/SifuAlesStenarEmbracingStone_001.jpg\"},{\"@type\":\"BreadcrumbList\",\"@id\":\"https:\\\/\\\/mayahai.org\\\/de\\\/wei-ling-yi\\\/#breadcrumb\",\"itemListElement\":[{\"@type\":\"ListItem\",\"position\":1,\"name\":\"Home\",\"item\":\"https:\\\/\\\/mayahai.org\\\/de\\\/\"},{\"@type\":\"ListItem\",\"position\":2,\"name\":\"Wei Ling Yi\"}]},{\"@type\":\"WebSite\",\"@id\":\"https:\\\/\\\/mayahai.org\\\/de\\\/#website\",\"url\":\"https:\\\/\\\/mayahai.org\\\/de\\\/\",\"name\":\"Ma Ya Hai \u2013 Global Mantra Project for World Peace\",\"description\":\"Ma Ya Hai \u2013 Global Mantra Project for World Peace\",\"publisher\":{\"@id\":\"https:\\\/\\\/mayahai.org\\\/de\\\/#organization\"},\"potentialAction\":[{\"@type\":\"SearchAction\",\"target\":{\"@type\":\"EntryPoint\",\"urlTemplate\":\"https:\\\/\\\/mayahai.org\\\/de\\\/?s={search_term_string}\"},\"query-input\":{\"@type\":\"PropertyValueSpecification\",\"valueRequired\":true,\"valueName\":\"search_term_string\"}}],\"inLanguage\":\"de\"},{\"@type\":\"Organization\",\"@id\":\"https:\\\/\\\/mayahai.org\\\/de\\\/#organization\",\"name\":\"YiXue Bildungszentrum gGmbH\",\"url\":\"https:\\\/\\\/mayahai.org\\\/de\\\/\",\"logo\":{\"@type\":\"ImageObject\",\"inLanguage\":\"de\",\"@id\":\"https:\\\/\\\/mayahai.org\\\/de\\\/#\\\/schema\\\/logo\\\/image\\\/\",\"url\":\"https:\\\/\\\/mayahai.org\\\/wp-content\\\/uploads\\\/2022\\\/05\\\/favicon-32x32-1.png\",\"contentUrl\":\"https:\\\/\\\/mayahai.org\\\/wp-content\\\/uploads\\\/2022\\\/05\\\/favicon-32x32-1.png\",\"width\":32,\"height\":32,\"caption\":\"YiXue Bildungszentrum gGmbH\"},\"image\":{\"@id\":\"https:\\\/\\\/mayahai.org\\\/de\\\/#\\\/schema\\\/logo\\\/image\\\/\"},\"sameAs\":[\"https:\\\/\\\/www.facebook.com\\\/yixue.de\",\"https:\\\/\\\/www.youtube.com\\\/c\\\/YiXueCulture\",\"https:\\\/\\\/www.instagram.com\\\/yixue.cultureofoneness\\\/\"]}]}<\/script>\n<!-- \/ Yoast SEO plugin. -->","yoast_head_json":{"title":"Wei Ling Yi - Ma Ya Hai \u2013 Global Mantra Project for World Peace","robots":{"index":"index","follow":"follow","max-snippet":"max-snippet:-1","max-image-preview":"max-image-preview:large","max-video-preview":"max-video-preview:-1"},"canonical":"https:\/\/mayahai.org\/de\/wei-ling-yi\/","og_locale":"de_DE","og_type":"article","og_title":"Wei Ling Yi - Ma Ya Hai \u2013 Global Mantra Project for World Peace","og_description":"Begegne einem au\u00dfergew\u00f6hnlichen spirituellen Meister Wei Ling Yi ist ein international anerkannter Weisheits- und Bewusstseinslehrer, der uns auf eine wundersch\u00f6ne, liebevolle und lebendige Weise auf unserem Lebensweg begleitet. Seine Lehren erwecken eine zeitlose Wahrheit und Weisheit in unseren Herzen, reinigen uns, enth\u00fcllen unser wahres inneres...","og_url":"https:\/\/mayahai.org\/de\/wei-ling-yi\/","og_site_name":"Ma Ya Hai \u2013 Global Mantra Project for World Peace","article_publisher":"https:\/\/www.facebook.com\/yixue.de","article_modified_time":"2022-11-07T09:45:35+00:00","og_image":[{"url":"https:\/\/mayahai.org\/wp-content\/uploads\/2022\/08\/SifuAlesStenarEmbracingStone_001.jpg","type":"","width":"","height":""}],"twitter_card":"summary_large_image","twitter_misc":{"Gesch\u00e4tzte Lesezeit":"3\u00a0Minuten"},"schema":{"@context":"https:\/\/schema.org","@graph":[{"@type":"WebPage","@id":"https:\/\/mayahai.org\/de\/wei-ling-yi\/","url":"https:\/\/mayahai.org\/de\/wei-ling-yi\/","name":"Wei Ling Yi - Ma Ya Hai \u2013 Global Mantra Project for World Peace","isPartOf":{"@id":"https:\/\/mayahai.org\/de\/#website"},"primaryImageOfPage":{"@id":"https:\/\/mayahai.org\/de\/wei-ling-yi\/#primaryimage"},"image":{"@id":"https:\/\/mayahai.org\/de\/wei-ling-yi\/#primaryimage"},"thumbnailUrl":"https:\/\/mayahai.org\/wp-content\/uploads\/2022\/08\/SifuAlesStenarEmbracingStone_001.jpg","datePublished":"2022-08-03T11:51:04+00:00","dateModified":"2022-11-07T09:45:35+00:00","breadcrumb":{"@id":"https:\/\/mayahai.org\/de\/wei-ling-yi\/#breadcrumb"},"inLanguage":"de","potentialAction":[{"@type":"ReadAction","target":["https:\/\/mayahai.org\/de\/wei-ling-yi\/"]}]},{"@type":"ImageObject","inLanguage":"de","@id":"https:\/\/mayahai.org\/de\/wei-ling-yi\/#primaryimage","url":"https:\/\/mayahai.org\/wp-content\/uploads\/2022\/08\/SifuAlesStenarEmbracingStone_001.jpg","contentUrl":"https:\/\/mayahai.org\/wp-content\/uploads\/2022\/08\/SifuAlesStenarEmbracingStone_001.jpg"},{"@type":"BreadcrumbList","@id":"https:\/\/mayahai.org\/de\/wei-ling-yi\/#breadcrumb","itemListElement":[{"@type":"ListItem","position":1,"name":"Home","item":"https:\/\/mayahai.org\/de\/"},{"@type":"ListItem","position":2,"name":"Wei Ling Yi"}]},{"@type":"WebSite","@id":"https:\/\/mayahai.org\/de\/#website","url":"https:\/\/mayahai.org\/de\/","name":"Ma Ya Hai \u2013 Global Mantra Project for World Peace","description":"Ma Ya Hai \u2013 Global Mantra Project for World Peace","publisher":{"@id":"https:\/\/mayahai.org\/de\/#organization"},"potentialAction":[{"@type":"SearchAction","target":{"@type":"EntryPoint","urlTemplate":"https:\/\/mayahai.org\/de\/?s={search_term_string}"},"query-input":{"@type":"PropertyValueSpecification","valueRequired":true,"valueName":"search_term_string"}}],"inLanguage":"de"},{"@type":"Organization","@id":"https:\/\/mayahai.org\/de\/#organization","name":"YiXue Bildungszentrum gGmbH","url":"https:\/\/mayahai.org\/de\/","logo":{"@type":"ImageObject","inLanguage":"de","@id":"https:\/\/mayahai.org\/de\/#\/schema\/logo\/image\/","url":"https:\/\/mayahai.org\/wp-content\/uploads\/2022\/05\/favicon-32x32-1.png","contentUrl":"https:\/\/mayahai.org\/wp-content\/uploads\/2022\/05\/favicon-32x32-1.png","width":32,"height":32,"caption":"YiXue Bildungszentrum gGmbH"},"image":{"@id":"https:\/\/mayahai.org\/de\/#\/schema\/logo\/image\/"},"sameAs":["https:\/\/www.facebook.com\/yixue.de","https:\/\/www.youtube.com\/c\/YiXueCulture","https:\/\/www.instagram.com\/yixue.cultureofoneness\/"]}]}},"_links":{"self":[{"href":"https:\/\/mayahai.org\/de\/wp-json\/wp\/v2\/pages\/21057","targetHints":{"allow":["GET"]}}],"collection":[{"href":"https:\/\/mayahai.org\/de\/wp-json\/wp\/v2\/pages"}],"about":[{"href":"https:\/\/mayahai.org\/de\/wp-json\/wp\/v2\/types\/page"}],"author":[{"embeddable":true,"href":"https:\/\/mayahai.org\/de\/wp-json\/wp\/v2\/users\/1"}],"replies":[{"embeddable":true,"href":"https:\/\/mayahai.org\/de\/wp-json\/wp\/v2\/comments?post=21057"}],"version-history":[{"count":178,"href":"https:\/\/mayahai.org\/de\/wp-json\/wp\/v2\/pages\/21057\/revisions"}],"predecessor-version":[{"id":26194,"href":"https:\/\/mayahai.org\/de\/wp-json\/wp\/v2\/pages\/21057\/revisions\/26194"}],"wp:attachment":[{"href":"https:\/\/mayahai.org\/de\/wp-json\/wp\/v2\/media?parent=21057"}],"curies":[{"name":"wp","href":"https:\/\/api.w.org\/{rel}","templated":true}]}}