{"id":21362,"date":"2022-08-05T12:28:50","date_gmt":"2022-08-05T12:28:50","guid":{"rendered":"https:\/\/mayahai.org\/the-vision\/"},"modified":"2022-10-01T13:37:11","modified_gmt":"2022-10-01T13:37:11","slug":"vision","status":"publish","type":"page","link":"https:\/\/mayahai.org\/de\/vision\/","title":{"rendered":"Vision"},"content":{"rendered":"\t\t<div data-elementor-type=\"wp-page\" data-elementor-id=\"21362\" class=\"elementor elementor-21362\">\n\t\t\t\t\t\t<section class=\"elementor-section elementor-top-section elementor-element elementor-element-468d0b7e elementor-section-full_width elementor-section-height-default elementor-section-height-default parallax_section_no qode_elementor_container_no qode-content-aligment-left\" data-id=\"468d0b7e\" data-element_type=\"section\" data-e-type=\"section\">\n\t\t\t\t\t\t<div class=\"elementor-container elementor-column-gap-default\">\n\t\t\t\t\t<div class=\"elementor-column elementor-col-100 elementor-top-column elementor-element elementor-element-777c9863\" data-id=\"777c9863\" data-element_type=\"column\" data-e-type=\"column\">\n\t\t\t<div class=\"elementor-widget-wrap elementor-element-populated\">\n\t\t\t\t\t\t<div class=\"elementor-element elementor-element-3f5c9060 elementor-widget elementor-widget-slider_revolution\" data-id=\"3f5c9060\" data-element_type=\"widget\" data-e-type=\"widget\" data-widget_type=\"slider_revolution.default\">\n\t\t\t\t<div class=\"elementor-widget-container\">\n\t\t\t\t\t\n\t\t<div class=\"wp-block-themepunch-revslider\">\n\t\t\t\t<p class=\"rs-p-wp-fix\"><\/p>\n\t\t\t\t<sr7-module data-alias=\"the-vision-1\" data-id=\"65\" id=\"SR7_65_1\" data-version=\"6.7.53\">\n\t\t\t\t\t<sr7-adjuster><\/sr7-adjuster>\n\t\t\t\t\t<sr7-content>\n\t\t\t\t\t\t<sr7-slide id=\"SR7_65_1-38\" data-key=\"38\">\n\t\t\t\t\t\t\t<sr7-bg id=\"SR7_65_1-38-slidebg\" class=\"sr7-layer\"><noscript><img decoding=\"async\" src=\"https:\/\/mayahai.org\/wp-content\/uploads\/2022\/07\/Header_TheJourneyHeart_3840x2160-4.jpg\" alt=\"\" title=\"Header_TheJourneyHeart_3840x2160\"><\/noscript><\/sr7-bg>\n\t\t\t\t\t\t<\/sr7-slide>\n\t\t\t\t\t\t<sr7-slide id=\"SR7_65_1-39\" data-key=\"39\">\n\t\t\t\t\t\t\t<sr7-bg id=\"SR7_65_1-39-slidebg\" class=\"sr7-layer\"><noscript><img decoding=\"async\" src=\"https:\/\/mayahai.org\/wp-content\/uploads\/2022\/07\/AdobeStock_244423151-2.jpg\" alt=\"\" title=\"AdobeStock_244423151\"><\/noscript><\/sr7-bg>\n\t\t\t\t\t\t<\/sr7-slide>\n\t\t\t\t\t\t<sr7-slide id=\"SR7_65_1-34\" data-key=\"34\">\n\t\t\t\t\t\t\t<sr7-bg id=\"SR7_65_1-34-slidebg\" class=\"sr7-layer\"><noscript><img decoding=\"async\" src=\"https:\/\/mayahai.org\/wp-content\/uploads\/2022\/07\/AdobeStock_92020391-1.jpg\" alt=\"\" title=\"AdobeStock_92020391\"><\/noscript><\/sr7-bg>\n\t\t\t\t\t\t<\/sr7-slide>\n\t\t\t\t\t\t<sr7-slide id=\"SR7_65_1-35\" data-key=\"35\">\n\t\t\t\t\t\t\t<sr7-bg id=\"SR7_65_1-35-slidebg\" class=\"sr7-layer\"><noscript><img decoding=\"async\" src=\"https:\/\/mayahai.org\/wp-content\/uploads\/2022\/07\/AdobeStock_274199279-1.jpg\" alt=\"\" title=\"AdobeStock_274199279\"><\/noscript><\/sr7-bg>\n\t\t\t\t\t\t<\/sr7-slide>\n\t\t\t\t\t\t<sr7-slide id=\"SR7_65_1-37\" data-key=\"37\">\n\t\t\t\t\t\t\t<sr7-bg id=\"SR7_65_1-37-slidebg\" class=\"sr7-layer\"><noscript><img decoding=\"async\" src=\"https:\/\/mayahai.org\/wp-content\/uploads\/2022\/07\/AdobeStock_197681709-1.jpg\" alt=\"\" title=\"AdobeStock_197681709\"><\/noscript><\/sr7-bg>\n\t\t\t\t\t\t<\/sr7-slide>\n\t\t\t\t\t\t<sr7-slide id=\"SR7_65_1-31\" data-key=\"31\">\n\t\t\t\t\t\t\t<sr7-bg id=\"SR7_65_1-31-slidebg\" class=\"sr7-layer\"><noscript><img decoding=\"async\" src=\"https:\/\/mayahai.org\/wp-content\/uploads\/2020\/07\/AdobeStock_282588710.jpg\" alt=\"\" title=\"AdobeStock_282588710\"><\/noscript><\/sr7-bg>\n\t\t\t\t\t\t<\/sr7-slide>\n\t\t\t\t\t\t<sr7-slide id=\"SR7_65_1-41\" data-key=\"41\">\n\t\t\t\t\t\t\t<sr7-bg id=\"SR7_65_1-41-slidebg\" class=\"sr7-layer\"><noscript><img decoding=\"async\" src=\"https:\/\/mayahai.org\/wp-content\/uploads\/2022\/07\/AdobeStock_237120719-1.jpg\" alt=\"\" title=\"mountains to the sea\"><\/noscript><\/sr7-bg>\n\t\t\t\t\t\t<\/sr7-slide>\n\t\t\t\t\t\t<sr7-slide id=\"SR7_65_1-40\" data-key=\"40\">\n\t\t\t\t\t\t\t<sr7-bg id=\"SR7_65_1-40-slidebg\" class=\"sr7-layer\"><noscript><img decoding=\"async\" src=\"https:\/\/mayahai.org\/wp-content\/uploads\/2022\/07\/AdobeStock_139311764_900x900.jpg\" alt=\"\" title=\"AdobeStock_139311764_900x900\"><\/noscript><\/sr7-bg>\n\t\t\t\t\t\t<\/sr7-slide>\n\t\t\t\t\t\t<sr7-slide id=\"SR7_65_1-42\" data-key=\"42\">\n\t\t\t\t\t\t\t<sr7-bg id=\"SR7_65_1-42-slidebg\" class=\"sr7-layer\"><noscript><img decoding=\"async\" src=\"https:\/\/mayahai.org\/wp-content\/uploads\/2022\/07\/AdobeStock_191813196-2.jpg\" alt=\"\" title=\"AdobeStock_191813196\"><\/noscript><\/sr7-bg>\n\t\t\t\t\t\t<\/sr7-slide>\n\t\t\t\t\t\t<sr7-slide id=\"SR7_65_1-43\" data-key=\"43\">\n\t\t\t\t\t\t\t<sr7-bg id=\"SR7_65_1-43-slidebg\" class=\"sr7-layer\"><noscript><img decoding=\"async\" src=\"https:\/\/mayahai.org\/wp-content\/uploads\/2022\/07\/AdobeStock_320210123-3.jpg\" alt=\"\" title=\"AdobeStock_320210123\"><\/noscript><\/sr7-bg>\n\t\t\t\t\t\t<\/sr7-slide>\n\t\t\t\t\t\t<sr7-slide id=\"SR7_65_1-36\" data-key=\"36\">\n\t\t\t\t\t\t\t<sr7-bg id=\"SR7_65_1-36-slidebg\" class=\"sr7-layer\"><noscript><img decoding=\"async\" src=\"https:\/\/mayahai.org\/wp-content\/uploads\/2022\/07\/AdobeStock_164380843-1.jpg\" alt=\"\" title=\"AdobeStock_164380843\"><\/noscript><\/sr7-bg>\n\t\t\t\t\t\t<\/sr7-slide>\n\t\t\t\t\t\t<sr7-slide id=\"SR7_65_1-32\" data-key=\"32\">\n\t\t\t\t\t\t\t<sr7-bg id=\"SR7_65_1-32-slidebg\" class=\"sr7-layer\"><noscript><img decoding=\"async\" src=\"https:\/\/mayahai.org\/wp-content\/uploads\/2022\/07\/AdobeStock_61900975_waterfall-1.jpg\" alt=\"\" title=\"AdobeStock_61900975_waterfall\"><\/noscript><\/sr7-bg>\n\t\t\t\t\t\t<\/sr7-slide>\n\t\t\t\t\t\t<sr7-slide id=\"SR7_65_1-44\" data-key=\"44\">\n\t\t\t\t\t\t\t<sr7-bg id=\"SR7_65_1-44-slidebg\" class=\"sr7-layer\"><noscript><img decoding=\"async\" src=\"https:\/\/mayahai.org\/wp-content\/uploads\/2022\/07\/AdobeStock_305712104-1.jpg\" alt=\"\" title=\"AdobeStock_305712104\"><\/noscript><\/sr7-bg>\n\t\t\t\t\t\t<\/sr7-slide>\n\t\t\t\t\t\t<sr7-slide id=\"SR7_65_1-33\" data-key=\"33\">\n\t\t\t\t\t\t\t<sr7-bg id=\"SR7_65_1-33-slidebg\" class=\"sr7-layer\"><noscript><img decoding=\"async\" src=\"https:\/\/mayahai.org\/wp-content\/uploads\/2022\/07\/AdobeStock_16200087-3.jpg\" alt=\"\" title=\"AdobeStock_16200087\"><\/noscript><\/sr7-bg>\n\t\t\t\t\t\t<\/sr7-slide>\n\t\t\t\t\t\t<sr7-slide id=\"SR7_65_1-45\" data-key=\"45\">\n\t\t\t\t\t\t\t<sr7-bg id=\"SR7_65_1-45-slidebg\" class=\"sr7-layer\"><noscript><img decoding=\"async\" src=\"https:\/\/mayahai.org\/wp-content\/uploads\/2022\/07\/AdobeStock_61981708.jpg\" alt=\"\" title=\"AdobeStock_61981708\"><\/noscript><\/sr7-bg>\n\t\t\t\t\t\t<\/sr7-slide>\n\t\t\t\t\t\t<sr7-slide id=\"SR7_65_1-46\" data-key=\"46\">\n\t\t\t\t\t\t\t<sr7-bg id=\"SR7_65_1-46-slidebg\" class=\"sr7-layer\"><noscript><img decoding=\"async\" src=\"https:\/\/mayahai.org\/wp-content\/uploads\/2022\/07\/AdobeStock_81395239.jpg\" alt=\"\" title=\"AdobeStock_81395239\"><\/noscript><\/sr7-bg>\n\t\t\t\t\t\t<\/sr7-slide>\n\t\t\t\t\t\t<sr7-slide id=\"SR7_65_1-47\" data-key=\"47\">\n\t\t\t\t\t\t\t<sr7-bg id=\"SR7_65_1-47-slidebg\" class=\"sr7-layer\"><noscript><img decoding=\"async\" src=\"https:\/\/mayahai.org\/wp-content\/uploads\/2022\/07\/AdobeStock_333210763.jpg\" alt=\"\" title=\"AdobeStock_333210763\"><\/noscript><\/sr7-bg>\n\t\t\t\t\t\t<\/sr7-slide>\n\t\t\t\t\t\t<sr7-slide id=\"SR7_65_1-57\" data-key=\"57\">\n\t\t\t\t\t\t\t<sr7-txt id=\"SR7_65_1-57-1\" class=\"sr7-layer\">Die vision<\/sr7-txt>\n\t\t\t\t\t\t\t<sr7-txt id=\"SR7_65_1-57-2\" class=\"sr7-layer\"><i class=\"fa-long-arrow-left\"><\/i> \nprev<\/sr7-txt>\n\t\t\t\t\t\t\t<sr7-txt id=\"SR7_65_1-57-5\" class=\"sr7-layer\">next <i class=\"fa-long-arrow-right\"><\/i><\/sr7-txt>\n\t\t\t\t\t\t\t<sr7-txt id=\"SR7_65_1-57-6\" class=\"sr7-layer\">Die Kl\u00e4nge, die das ganze Universum durchstr\u00f6men.<br \/>Die Kl\u00e4nge, die Frieden und urspr\u00fcngliche Sch\u00f6nheit zur\u00fcckbringen f\u00fcr unsere Mutter Erde, <br \/>die Menschheit und alle Lebewesen<\/sr7-txt>\n\t\t\t\t\t\t<\/sr7-slide>\n\t\t\t\t\t<\/sr7-content>\n\t\t\t\t<\/sr7-module>\n\t\t\t\t<script>\n\t\t\t\t\twindow.SR7 ??={};SR7.PMH ??={}; SR7.PMH[\"SR7_65_1\"] = {cn:100,state:false,fn: function() { if (window._tpt!==undefined && window._tpt.prepareModuleHeight !== undefined) {  _tpt.prepareModuleHeight({id:\"SR7_65_1\",el:[900,768,960,720],type:'standard',shdw:'0',gh:[900,768,960,720],gw:[1240,1024,778,480],vpt:['-200px'],size:{fullWidth:true, fullHeight:true},offsetContainer:'',offset:'',mh:'0',onh:0,onw:0,bg:{color:'transparent'},plType:'6',plColor:'#c1965b'});   SR7.PMH[\"SR7_65_1\"].state=true;} else if(SR7.PMH[\"SR7_65_1\"].cn-->0)\tsetTimeout( SR7.PMH[\"SR7_65_1\"].fn,19);}};SR7.PMH[\"SR7_65_1\" ].fn();\n\t\t\t\t<\/script>\n<\/div>\n\n\t\t\t\t\t\t<\/div>\n\t\t\t\t<\/div>\n\t\t\t\t\t<\/div>\n\t\t<\/div>\n\t\t\t\t\t<\/div>\n\t\t<\/section>\n\t\t\t\t<section class=\"elementor-section elementor-top-section elementor-element elementor-element-13cb7a2c elementor-section-boxed elementor-section-height-default elementor-section-height-default parallax_section_no qode_elementor_container_no qode-content-aligment-left\" data-id=\"13cb7a2c\" data-element_type=\"section\" data-e-type=\"section\">\n\t\t\t\t\t\t<div class=\"elementor-container elementor-column-gap-no\">\n\t\t\t\t\t<div class=\"elementor-column elementor-col-100 elementor-top-column elementor-element elementor-element-2c06f45c\" data-id=\"2c06f45c\" data-element_type=\"column\" data-e-type=\"column\">\n\t\t\t<div class=\"elementor-widget-wrap elementor-element-populated\">\n\t\t\t\t\t\t<section class=\"elementor-section elementor-inner-section elementor-element elementor-element-af3e8e1 elementor-section-boxed elementor-section-height-default elementor-section-height-default parallax_section_no qode_elementor_container_no qode-content-aligment-left\" data-id=\"af3e8e1\" data-element_type=\"section\" data-e-type=\"section\">\n\t\t\t\t\t\t<div class=\"elementor-container elementor-column-gap-default\">\n\t\t\t\t\t<div class=\"elementor-column elementor-col-100 elementor-inner-column elementor-element elementor-element-1c1d6be\" data-id=\"1c1d6be\" data-element_type=\"column\" data-e-type=\"column\">\n\t\t\t<div class=\"elementor-widget-wrap elementor-element-populated\">\n\t\t\t\t\t\t<div class=\"elementor-element elementor-element-a36876e elementor-widget elementor-widget-text-editor\" data-id=\"a36876e\" data-element_type=\"widget\" data-e-type=\"widget\" data-widget_type=\"text-editor.default\">\n\t\t\t\t<div class=\"elementor-widget-container\">\n\t\t\t\t\t\t\t\t\t<h2><span style=\"color: #c1965b;\">Vision und transformative Kraft des Projekts<\/span><\/h2>\t\t\t\t\t\t\t\t<\/div>\n\t\t\t\t<\/div>\n\t\t\t\t<div class=\"elementor-element elementor-element-3fae10db elementor-widget elementor-widget-text-editor\" data-id=\"3fae10db\" data-element_type=\"widget\" data-e-type=\"widget\" data-widget_type=\"text-editor.default\">\n\t\t\t\t<div class=\"elementor-widget-container\">\n\t\t\t\t\t\t\t\t\t<h6><span style=\"color: #bb9d5a;\">F\u00fcr die Menschheit bricht\u00a0ein neues \u00a0Zeitalter an &#8211; <\/span><\/h6><h6><span style=\"color: #bb9d5a;\">das Zeitalter der Gro\u00dfen Sonne<\/span><\/h6>\t\t\t\t\t\t\t\t<\/div>\n\t\t\t\t<\/div>\n\t\t\t\t<div class=\"elementor-element elementor-element-2561244e elementor-widget elementor-widget-text-editor\" data-id=\"2561244e\" data-element_type=\"widget\" data-e-type=\"widget\" data-widget_type=\"text-editor.default\">\n\t\t\t\t<div class=\"elementor-widget-container\">\n\t\t\t\t\t\t\t\t\t<h5 style=\"text-align: center;\">Gro\u00dfmeister Wei Ling Yi<\/h5>\t\t\t\t\t\t\t\t<\/div>\n\t\t\t\t<\/div>\n\t\t\t\t\t<\/div>\n\t\t<\/div>\n\t\t\t\t\t<\/div>\n\t\t<\/section>\n\t\t\t\t<div class=\"elementor-element elementor-element-77955575 elementor-widget elementor-widget-text-editor\" data-id=\"77955575\" data-element_type=\"widget\" data-e-type=\"widget\" data-widget_type=\"text-editor.default\">\n\t\t\t\t<div class=\"elementor-widget-container\">\n\t\t\t\t\t\t\t\t\t<h4>Weisheits- und Bewusstseinslehrer Wei Ling Yi sagt, dass wir Menschen das wahre Verst\u00e4ndnis des Lebens und der Natur verloren haben. Wir haben das Bewu\u00dftsein f\u00fcr unseren kosmischen Ursprung und unsere wahre Aufgabe auf der Erde vergessen<span style=\"letter-spacing: 0px;\">. Dies ist der Grund f\u00fcr das gest\u00f6rte Gleichgewicht von Harmonie und Frieden zwischen Himmel und Erde und allen Lebewesen.\u00a0<\/span><\/h4><p>\u00a0<\/p><p><span style=\"letter-spacing: 0px;\">Anhaftung an Reichtum, Macht und Gier sind die Wurzeln von Leid und Krieg. Durch unser Verlangen und ewiges Streben nach Macht, Geld und Besitz haben wir keinen Zugang mehr zu unseren Herzen und Seelen. Wir haben uns im Au\u00dfen, in der Materie verloren, anstatt uns nach innen zu wenden und uns dem Wissen und der Weisheit h\u00f6herer Dimensionen zu \u00f6ffnen.<\/span><\/p><p><span style=\"letter-spacing: 0px;\">\u00a0<\/span><\/p><p>Als Folge des immer noch vorherrschenden materialistischen Bewusstseins wurden \u00fcber Jahrtausende hinweg ungesunde Informationen im individuellen und globalen Informationsfeld gespeichert. Diese beeinflussen bis heute das Verhalten unserer Gesellschaft und halten uns bis heute in einem niedrigen Bewu\u00dftseinsniveau gefangen. Der Kosmos, die Menschheit und die Erde leiden unter diesen Zust\u00e4nden.\u00a0<span style=\"letter-spacing: 0px;\">Aus energetischer Sicht ist das Qi unserer Mutter Erde so blockiert, dass sie das kranke Qi nicht mehr ableiten oder transformieren kann. Die Auswirkungen dieser Probleme werden derzeit durch die zunehmenden Naturkatastrophen deutlich. Die weit verbreitete Zerst\u00f6rung und Verschmutzung von Mutter Erde bedroht ihre Existenz und die aller ihrer Lebensformen, einschlie\u00dflich der Menschen.<\/span><\/p><p><span style=\"letter-spacing: 0px;\">\u00a0<\/span><\/p><p>Das kollektive Singen des gro\u00dfen Mantras MA YA HAI hat das Potenzial, ein strahlendes, sch\u00fctzendes Qi-Feld aufzubauen. Die kraftvollen und heilenden Energien durchdringen, reinigen und harmonisieren die drei gro\u00dfen Qi-Felder des Himmels, der Erde und des Menschen und lassen sie in ihren nat\u00fcrlichen Zustand zur\u00fcckkehren. Dies wird unvorstellbare positive Ver\u00e4nderungen auf der Erde und in jedem Menschen bewirken.<\/p><p>\u00a0<\/p><p>Durch seine gro\u00dfe Vision und Weisheit m\u00f6chte Lehrer Wei Ling Yi eine kollektive Evolution und Entwicklung des Bewusstseins durch die Lebenskultivierung vieler Menschen erm\u00f6glichen. Ziel ist es, eine neue Lebenskultur zu schaffen, die auf einem allumfassenden Bewusstsein basiert\u00a0<span style=\"background-color: #ffffff;\">und damit Himmel, Erde und Menschen verbindet<\/span><span style=\"letter-spacing: 0px;\">. Diese Kultur wird durch Wahrhaftigkeit, Barmherzigkeit und wahrer Sch\u00f6nheit gegen\u00fcber allem Leben und der Sch\u00f6pfung gepr\u00e4gt sein.<\/span><\/p>\t\t\t\t\t\t\t\t<\/div>\n\t\t\t\t<\/div>\n\t\t\t\t\t<\/div>\n\t\t<\/div>\n\t\t\t\t\t<\/div>\n\t\t<\/section>\n\t\t\t\t<section class=\"elementor-section elementor-top-section elementor-element elementor-element-6b30cdc elementor-section-boxed elementor-section-height-default elementor-section-height-default parallax_section_no qode_elementor_container_no qode-content-aligment-left\" data-id=\"6b30cdc\" data-element_type=\"section\" data-e-type=\"section\">\n\t\t\t\t\t\t<div class=\"elementor-container elementor-column-gap-default\">\n\t\t\t\t\t<div class=\"elementor-column elementor-col-100 elementor-top-column elementor-element elementor-element-dad4fb0\" data-id=\"dad4fb0\" data-element_type=\"column\" data-e-type=\"column\">\n\t\t\t<div class=\"elementor-widget-wrap elementor-element-populated\">\n\t\t\t\t\t\t<div class=\"elementor-element elementor-element-a79c2c9 elementor-widget elementor-widget-text-editor\" data-id=\"a79c2c9\" data-element_type=\"widget\" data-e-type=\"widget\" data-widget_type=\"text-editor.default\">\n\t\t\t\t<div class=\"elementor-widget-container\">\n\t\t\t\t\t\t\t\t\t<h6 style=\"text-align: center;\"><span style=\"color: #bb9d5a;\">Die Heilung der Welt liegt in jedem einzelnen von uns, in der Entwicklung der Lebenskultivierung<br\/>und der R\u00fcckkehr zur kosmischen Wahrheit. <\/span><\/h6>\n<h6 style=\"text-align: center;\"><span style=\"color: #bb9d5a;\">Jeder, der sich daf\u00fcr entscheidet, in die Balance und Ganzheit zu kultivieren<\/span><\/h6>\n<h6 style=\"text-align: center;\"><span style=\"color: #bb9d5a;\">und sich von alten Denkmustern und Glaubenssystemen zu befreien, <\/span><\/h6>\n<h6 style=\"text-align: center;\"><span style=\"color: #bb9d5a;\">wird zur Heilung und Evolution des kollektiven Bewusstseins <\/span><\/h6>\n<h6 style=\"text-align: center;\"><span style=\"color: #bb9d5a;\">und zum Frieden auf der Erde beitragen. <\/span><\/h6>\t\t\t\t\t\t\t\t<\/div>\n\t\t\t\t<\/div>\n\t\t\t\t<div class=\"elementor-element elementor-element-f0c58f5 elementor-widget elementor-widget-text-editor\" data-id=\"f0c58f5\" data-element_type=\"widget\" data-e-type=\"widget\" data-widget_type=\"text-editor.default\">\n\t\t\t\t<div class=\"elementor-widget-container\">\n\t\t\t\t\t\t\t\t\t<h5 style=\"text-align: center;\">Gro\u00dfmeister Wei Ling Yi<\/h5>\t\t\t\t\t\t\t\t<\/div>\n\t\t\t\t<\/div>\n\t\t\t\t\t<\/div>\n\t\t<\/div>\n\t\t\t\t\t<\/div>\n\t\t<\/section>\n\t\t\t\t<\/div>\n\t\t","protected":false},"excerpt":{"rendered":"<p>Vision und transformative Kraft des Projekts F\u00fcr die Menschheit bricht\u00a0ein neues \u00a0Zeitalter an &#8211; das Zeitalter der Gro\u00dfen Sonne Gro\u00dfmeister Wei Ling Yi Weisheits- und Bewusstseinslehrer Wei Ling Yi sagt, dass wir Menschen das wahre Verst\u00e4ndnis des Lebens und der Natur verloren haben. Wir haben&#8230;<\/p>\n","protected":false},"author":1,"featured_media":0,"parent":0,"menu_order":0,"comment_status":"closed","ping_status":"closed","template":"full_width.php","meta":{"footnotes":""},"class_list":["post-21362","page","type-page","status-publish","hentry"],"yoast_head":"<!-- This site is optimized with the Yoast SEO plugin v27.4 - https:\/\/yoast.com\/product\/yoast-seo-wordpress\/ -->\n<title>Vision - Ma Ya Hai \u2013 Global Mantra Project for World Peace<\/title>\n<meta name=\"robots\" content=\"index, follow, max-snippet:-1, max-image-preview:large, max-video-preview:-1\" \/>\n<link rel=\"canonical\" href=\"https:\/\/mayahai.org\/de\/vision\/\" \/>\n<meta property=\"og:locale\" content=\"de_DE\" \/>\n<meta property=\"og:type\" content=\"article\" \/>\n<meta property=\"og:title\" content=\"Vision - Ma Ya Hai \u2013 Global Mantra Project for World Peace\" \/>\n<meta property=\"og:description\" content=\"Vision und transformative Kraft des Projekts F\u00fcr die Menschheit bricht\u00a0ein neues \u00a0Zeitalter an &#8211; das Zeitalter der Gro\u00dfen Sonne Gro\u00dfmeister Wei Ling Yi Weisheits- und Bewusstseinslehrer Wei Ling Yi sagt, dass wir Menschen das wahre Verst\u00e4ndnis des Lebens und der Natur verloren haben. Wir haben...\" \/>\n<meta property=\"og:url\" content=\"https:\/\/mayahai.org\/de\/vision\/\" \/>\n<meta property=\"og:site_name\" content=\"Ma Ya Hai \u2013 Global Mantra Project for World Peace\" \/>\n<meta property=\"article:publisher\" content=\"https:\/\/www.facebook.com\/yixue.de\" \/>\n<meta property=\"article:modified_time\" content=\"2022-10-01T13:37:11+00:00\" \/>\n<meta property=\"og:image\" content=\"https:\/\/mayahai.org\/wp-content\/uploads\/2022\/09\/IMG_ThumbnailYouTube_MaYaHaiSunPyramid-1.jpg\" \/>\n\t<meta property=\"og:image:width\" content=\"1920\" \/>\n\t<meta property=\"og:image:height\" content=\"1080\" \/>\n\t<meta property=\"og:image:type\" content=\"image\/jpeg\" \/>\n<meta name=\"twitter:card\" content=\"summary_large_image\" \/>\n<meta name=\"twitter:label1\" content=\"Gesch\u00e4tzte Lesezeit\" \/>\n\t<meta name=\"twitter:data1\" content=\"2\u00a0Minuten\" \/>\n<script type=\"application\/ld+json\" class=\"yoast-schema-graph\">{\"@context\":\"https:\\\/\\\/schema.org\",\"@graph\":[{\"@type\":\"WebPage\",\"@id\":\"https:\\\/\\\/mayahai.org\\\/de\\\/vision\\\/\",\"url\":\"https:\\\/\\\/mayahai.org\\\/de\\\/vision\\\/\",\"name\":\"Vision - Ma Ya Hai \u2013 Global Mantra Project for World Peace\",\"isPartOf\":{\"@id\":\"https:\\\/\\\/mayahai.org\\\/de\\\/#website\"},\"datePublished\":\"2022-08-05T12:28:50+00:00\",\"dateModified\":\"2022-10-01T13:37:11+00:00\",\"breadcrumb\":{\"@id\":\"https:\\\/\\\/mayahai.org\\\/de\\\/vision\\\/#breadcrumb\"},\"inLanguage\":\"de\",\"potentialAction\":[{\"@type\":\"ReadAction\",\"target\":[\"https:\\\/\\\/mayahai.org\\\/de\\\/vision\\\/\"]}]},{\"@type\":\"BreadcrumbList\",\"@id\":\"https:\\\/\\\/mayahai.org\\\/de\\\/vision\\\/#breadcrumb\",\"itemListElement\":[{\"@type\":\"ListItem\",\"position\":1,\"name\":\"Home\",\"item\":\"https:\\\/\\\/mayahai.org\\\/de\\\/\"},{\"@type\":\"ListItem\",\"position\":2,\"name\":\"Vision\"}]},{\"@type\":\"WebSite\",\"@id\":\"https:\\\/\\\/mayahai.org\\\/de\\\/#website\",\"url\":\"https:\\\/\\\/mayahai.org\\\/de\\\/\",\"name\":\"Ma Ya Hai \u2013 Global Mantra Project for World Peace\",\"description\":\"Ma Ya Hai \u2013 Global Mantra Project for World Peace\",\"publisher\":{\"@id\":\"https:\\\/\\\/mayahai.org\\\/de\\\/#organization\"},\"potentialAction\":[{\"@type\":\"SearchAction\",\"target\":{\"@type\":\"EntryPoint\",\"urlTemplate\":\"https:\\\/\\\/mayahai.org\\\/de\\\/?s={search_term_string}\"},\"query-input\":{\"@type\":\"PropertyValueSpecification\",\"valueRequired\":true,\"valueName\":\"search_term_string\"}}],\"inLanguage\":\"de\"},{\"@type\":\"Organization\",\"@id\":\"https:\\\/\\\/mayahai.org\\\/de\\\/#organization\",\"name\":\"YiXue Bildungszentrum gGmbH\",\"url\":\"https:\\\/\\\/mayahai.org\\\/de\\\/\",\"logo\":{\"@type\":\"ImageObject\",\"inLanguage\":\"de\",\"@id\":\"https:\\\/\\\/mayahai.org\\\/de\\\/#\\\/schema\\\/logo\\\/image\\\/\",\"url\":\"https:\\\/\\\/mayahai.org\\\/wp-content\\\/uploads\\\/2022\\\/05\\\/favicon-32x32-1.png\",\"contentUrl\":\"https:\\\/\\\/mayahai.org\\\/wp-content\\\/uploads\\\/2022\\\/05\\\/favicon-32x32-1.png\",\"width\":32,\"height\":32,\"caption\":\"YiXue Bildungszentrum gGmbH\"},\"image\":{\"@id\":\"https:\\\/\\\/mayahai.org\\\/de\\\/#\\\/schema\\\/logo\\\/image\\\/\"},\"sameAs\":[\"https:\\\/\\\/www.facebook.com\\\/yixue.de\",\"https:\\\/\\\/www.youtube.com\\\/c\\\/YiXueCulture\",\"https:\\\/\\\/www.instagram.com\\\/yixue.cultureofoneness\\\/\"]}]}<\/script>\n<!-- \/ Yoast SEO plugin. -->","yoast_head_json":{"title":"Vision - Ma Ya Hai \u2013 Global Mantra Project for World Peace","robots":{"index":"index","follow":"follow","max-snippet":"max-snippet:-1","max-image-preview":"max-image-preview:large","max-video-preview":"max-video-preview:-1"},"canonical":"https:\/\/mayahai.org\/de\/vision\/","og_locale":"de_DE","og_type":"article","og_title":"Vision - Ma Ya Hai \u2013 Global Mantra Project for World Peace","og_description":"Vision und transformative Kraft des Projekts F\u00fcr die Menschheit bricht\u00a0ein neues \u00a0Zeitalter an &#8211; das Zeitalter der Gro\u00dfen Sonne Gro\u00dfmeister Wei Ling Yi Weisheits- und Bewusstseinslehrer Wei Ling Yi sagt, dass wir Menschen das wahre Verst\u00e4ndnis des Lebens und der Natur verloren haben. Wir haben...","og_url":"https:\/\/mayahai.org\/de\/vision\/","og_site_name":"Ma Ya Hai \u2013 Global Mantra Project for World Peace","article_publisher":"https:\/\/www.facebook.com\/yixue.de","article_modified_time":"2022-10-01T13:37:11+00:00","og_image":[{"width":1920,"height":1080,"url":"https:\/\/mayahai.org\/wp-content\/uploads\/2022\/09\/IMG_ThumbnailYouTube_MaYaHaiSunPyramid-1.jpg","type":"image\/jpeg"}],"twitter_card":"summary_large_image","twitter_misc":{"Gesch\u00e4tzte Lesezeit":"2\u00a0Minuten"},"schema":{"@context":"https:\/\/schema.org","@graph":[{"@type":"WebPage","@id":"https:\/\/mayahai.org\/de\/vision\/","url":"https:\/\/mayahai.org\/de\/vision\/","name":"Vision - Ma Ya Hai \u2013 Global Mantra Project for World Peace","isPartOf":{"@id":"https:\/\/mayahai.org\/de\/#website"},"datePublished":"2022-08-05T12:28:50+00:00","dateModified":"2022-10-01T13:37:11+00:00","breadcrumb":{"@id":"https:\/\/mayahai.org\/de\/vision\/#breadcrumb"},"inLanguage":"de","potentialAction":[{"@type":"ReadAction","target":["https:\/\/mayahai.org\/de\/vision\/"]}]},{"@type":"BreadcrumbList","@id":"https:\/\/mayahai.org\/de\/vision\/#breadcrumb","itemListElement":[{"@type":"ListItem","position":1,"name":"Home","item":"https:\/\/mayahai.org\/de\/"},{"@type":"ListItem","position":2,"name":"Vision"}]},{"@type":"WebSite","@id":"https:\/\/mayahai.org\/de\/#website","url":"https:\/\/mayahai.org\/de\/","name":"Ma Ya Hai \u2013 Global Mantra Project for World Peace","description":"Ma Ya Hai \u2013 Global Mantra Project for World Peace","publisher":{"@id":"https:\/\/mayahai.org\/de\/#organization"},"potentialAction":[{"@type":"SearchAction","target":{"@type":"EntryPoint","urlTemplate":"https:\/\/mayahai.org\/de\/?s={search_term_string}"},"query-input":{"@type":"PropertyValueSpecification","valueRequired":true,"valueName":"search_term_string"}}],"inLanguage":"de"},{"@type":"Organization","@id":"https:\/\/mayahai.org\/de\/#organization","name":"YiXue Bildungszentrum gGmbH","url":"https:\/\/mayahai.org\/de\/","logo":{"@type":"ImageObject","inLanguage":"de","@id":"https:\/\/mayahai.org\/de\/#\/schema\/logo\/image\/","url":"https:\/\/mayahai.org\/wp-content\/uploads\/2022\/05\/favicon-32x32-1.png","contentUrl":"https:\/\/mayahai.org\/wp-content\/uploads\/2022\/05\/favicon-32x32-1.png","width":32,"height":32,"caption":"YiXue Bildungszentrum gGmbH"},"image":{"@id":"https:\/\/mayahai.org\/de\/#\/schema\/logo\/image\/"},"sameAs":["https:\/\/www.facebook.com\/yixue.de","https:\/\/www.youtube.com\/c\/YiXueCulture","https:\/\/www.instagram.com\/yixue.cultureofoneness\/"]}]}},"_links":{"self":[{"href":"https:\/\/mayahai.org\/de\/wp-json\/wp\/v2\/pages\/21362","targetHints":{"allow":["GET"]}}],"collection":[{"href":"https:\/\/mayahai.org\/de\/wp-json\/wp\/v2\/pages"}],"about":[{"href":"https:\/\/mayahai.org\/de\/wp-json\/wp\/v2\/types\/page"}],"author":[{"embeddable":true,"href":"https:\/\/mayahai.org\/de\/wp-json\/wp\/v2\/users\/1"}],"replies":[{"embeddable":true,"href":"https:\/\/mayahai.org\/de\/wp-json\/wp\/v2\/comments?post=21362"}],"version-history":[{"count":99,"href":"https:\/\/mayahai.org\/de\/wp-json\/wp\/v2\/pages\/21362\/revisions"}],"predecessor-version":[{"id":26454,"href":"https:\/\/mayahai.org\/de\/wp-json\/wp\/v2\/pages\/21362\/revisions\/26454"}],"wp:attachment":[{"href":"https:\/\/mayahai.org\/de\/wp-json\/wp\/v2\/media?parent=21362"}],"curies":[{"name":"wp","href":"https:\/\/api.w.org\/{rel}","templated":true}]}}