{"id":21400,"date":"2022-08-04T10:39:19","date_gmt":"2022-08-04T10:39:19","guid":{"rendered":"https:\/\/mayahai.org\/giving-from-the-heart\/"},"modified":"2022-10-02T12:32:34","modified_gmt":"2022-10-02T12:32:34","slug":"spende-von-herzen","status":"publish","type":"page","link":"https:\/\/mayahai.org\/de\/spende-von-herzen\/","title":{"rendered":"Spenden von Herzen"},"content":{"rendered":"\t\t<div data-elementor-type=\"wp-page\" data-elementor-id=\"21400\" class=\"elementor elementor-21400\">\n\t\t\t\t\t\t<section class=\"elementor-section elementor-top-section elementor-element elementor-element-931328e elementor-section-full_width elementor-section-height-default elementor-section-height-default parallax_section_no qode_elementor_container_no qode-content-aligment-left\" data-id=\"931328e\" data-element_type=\"section\" data-e-type=\"section\">\n\t\t\t\t\t\t<div class=\"elementor-container elementor-column-gap-no\">\n\t\t\t\t\t<div class=\"elementor-column elementor-col-50 elementor-top-column elementor-element elementor-element-d431714\" data-id=\"d431714\" data-element_type=\"column\" data-e-type=\"column\">\n\t\t\t<div class=\"elementor-widget-wrap elementor-element-populated\">\n\t\t\t\t\t\t<div class=\"elementor-element elementor-element-f7946f8 elementor-widget elementor-widget-text-editor\" data-id=\"f7946f8\" data-element_type=\"widget\" data-e-type=\"widget\" data-widget_type=\"text-editor.default\">\n\t\t\t\t<div class=\"elementor-widget-container\">\n\t\t\t\t\t\t\t\t\t<h2><span style=\"color: #bb9d5a;\">Unterst\u00fctze das Projekt<\/span><\/h2>\t\t\t\t\t\t\t\t<\/div>\n\t\t\t\t<\/div>\n\t\t\t\t<div class=\"elementor-element elementor-element-9817cd3 elementor-widget elementor-widget-text-editor\" data-id=\"9817cd3\" data-element_type=\"widget\" data-e-type=\"widget\" data-widget_type=\"text-editor.default\">\n\t\t\t\t<div class=\"elementor-widget-container\">\n\t\t\t\t\t\t\t\t\t<p>Es ist uns ein Herzensanliegen, die Lehre und Weisheit von Wei Ling Yi\u00a0vielen Menschen zug\u00e4nglich zu machen, die nach Gesundheit und spiritueller Entwicklung suchen.<span style=\"letter-spacing: 0px;\">\u00a0Wenn Ihr uns unterst\u00fctzen m\u00f6chtet, ist es m\u00f6glich, eine einmalige Spende zu geben oder ein monatlicher Spender zu werden, was uns bei den laufenden Kosten sehr hilft. Wir betrachten jede Spende als ein gro\u00dfes Geschenk und sind sehr dankbar f\u00fcr die Unterst\u00fctzung, die wir erhalten, um die Lehren von Wei Ling Yi einem breiten Publikum zug\u00e4nglich zu machen. Spenden an die YiXue sind steuerlich absetzbar.<\/span><\/p>\t\t\t\t\t\t\t\t<\/div>\n\t\t\t\t<\/div>\n\t\t\t\t<div class=\"elementor-element elementor-element-3dbc6c48 elementor-widget__width-auto elementor-widget elementor-widget-qbutton\" data-id=\"3dbc6c48\" data-element_type=\"widget\" data-e-type=\"widget\" data-widget_type=\"qbutton.default\">\n\t\t\t\t<div class=\"elementor-widget-container\">\n\t\t\t\t\t<a href=\"\" target=\"_self\"  class=\"qbutton  underlined qbutton_with_icon\" style=\"border-color: #242424; \">Scroll down<span aria-hidden=\"true\" class=\"qode_icon_font_elegant arrow_carrot-down button_icon\" style=\"\" ><\/span><span class=\"qode-underlined-button-span\" style=\"\"><\/span><\/a>\t\t\t\t<\/div>\n\t\t\t\t<\/div>\n\t\t\t\t\t<\/div>\n\t\t<\/div>\n\t\t\t\t<div class=\"elementor-column elementor-col-50 elementor-top-column elementor-element elementor-element-b450f7e\" data-id=\"b450f7e\" data-element_type=\"column\" data-e-type=\"column\">\n\t\t\t<div class=\"elementor-widget-wrap elementor-element-populated\">\n\t\t\t\t\t\t<div class=\"elementor-element elementor-element-8a6c6ba elementor-widget elementor-widget-image\" data-id=\"8a6c6ba\" data-element_type=\"widget\" data-e-type=\"widget\" data-widget_type=\"image.default\">\n\t\t\t\t<div class=\"elementor-widget-container\">\n\t\t\t\t\t\t\t\t\t\t\t\t\t\t\t<img fetchpriority=\"high\" decoding=\"async\" width=\"900\" height=\"900\" src=\"https:\/\/mayahai.org\/wp-content\/uploads\/2022\/07\/AdobeStock_172642004.jpg\" class=\"attachment-full size-full wp-image-14391\" alt=\"\" srcset=\"https:\/\/mayahai.org\/wp-content\/uploads\/2022\/07\/AdobeStock_172642004.jpg 900w, https:\/\/mayahai.org\/wp-content\/uploads\/2022\/07\/AdobeStock_172642004-300x300.jpg 300w, https:\/\/mayahai.org\/wp-content\/uploads\/2022\/07\/AdobeStock_172642004-150x150.jpg 150w, https:\/\/mayahai.org\/wp-content\/uploads\/2022\/07\/AdobeStock_172642004-768x768.jpg 768w, https:\/\/mayahai.org\/wp-content\/uploads\/2022\/07\/AdobeStock_172642004-550x550.jpg 550w, https:\/\/mayahai.org\/wp-content\/uploads\/2022\/07\/AdobeStock_172642004-500x500.jpg 500w, https:\/\/mayahai.org\/wp-content\/uploads\/2022\/07\/AdobeStock_172642004-700x700.jpg 700w, https:\/\/mayahai.org\/wp-content\/uploads\/2022\/07\/AdobeStock_172642004-650x650.jpg 650w\" sizes=\"(max-width: 900px) 100vw, 900px\" \/>\t\t\t\t\t\t\t\t\t\t\t\t\t\t\t<\/div>\n\t\t\t\t<\/div>\n\t\t\t\t\t<\/div>\n\t\t<\/div>\n\t\t\t\t\t<\/div>\n\t\t<\/section>\n\t\t\t\t<section class=\"elementor-section elementor-top-section elementor-element elementor-element-669071d elementor-section-boxed elementor-section-height-default elementor-section-height-default parallax_section_no qode_elementor_container_no qode-content-aligment-left\" data-id=\"669071d\" data-element_type=\"section\" data-e-type=\"section\" id=\"section1\" data-settings=\"{&quot;background_background&quot;:&quot;classic&quot;}\">\n\t\t\t\t\t\t<div class=\"elementor-container elementor-column-gap-default\">\n\t\t\t\t\t<div class=\"elementor-column elementor-col-100 elementor-top-column elementor-element elementor-element-63519de\" data-id=\"63519de\" data-element_type=\"column\" data-e-type=\"column\">\n\t\t\t<div class=\"elementor-widget-wrap elementor-element-populated\">\n\t\t\t\t\t\t<section class=\"elementor-section elementor-inner-section elementor-element elementor-element-e7ae34f elementor-section-full_width qode_elementor_container_inner elementor-section-height-default elementor-section-height-default parallax_section_no qode-content-aligment-left\" data-id=\"e7ae34f\" data-element_type=\"section\" data-e-type=\"section\" data-settings=\"{&quot;background_background&quot;:&quot;classic&quot;}\">\n\t\t\t\t\t\t<div class=\"elementor-container elementor-column-gap-wide\">\n\t\t\t\t\t<div class=\"elementor-column elementor-col-33 elementor-inner-column elementor-element elementor-element-55a68a3\" data-id=\"55a68a3\" data-element_type=\"column\" data-e-type=\"column\" data-settings=\"{&quot;background_background&quot;:&quot;classic&quot;}\">\n\t\t\t<div class=\"elementor-widget-wrap elementor-element-populated\">\n\t\t\t\t\t\t<div class=\"elementor-element elementor-element-3ef7b80 elementor-widget elementor-widget-image\" data-id=\"3ef7b80\" data-element_type=\"widget\" data-e-type=\"widget\" data-widget_type=\"image.default\">\n\t\t\t\t<div class=\"elementor-widget-container\">\n\t\t\t\t\t\t\t\t\t\t\t\t\t\t\t<img decoding=\"async\" width=\"512\" height=\"512\" src=\"https:\/\/mayahai.org\/wp-content\/uploads\/2022\/08\/YiXue_PayPalDonateQR.jpg\" class=\"attachment-full size-full wp-image-21822\" alt=\"\" srcset=\"https:\/\/mayahai.org\/wp-content\/uploads\/2022\/08\/YiXue_PayPalDonateQR.jpg 512w, https:\/\/mayahai.org\/wp-content\/uploads\/2022\/08\/YiXue_PayPalDonateQR-300x300.jpg 300w, https:\/\/mayahai.org\/wp-content\/uploads\/2022\/08\/YiXue_PayPalDonateQR-150x150.jpg 150w, https:\/\/mayahai.org\/wp-content\/uploads\/2022\/08\/YiXue_PayPalDonateQR-500x500.jpg 500w\" sizes=\"(max-width: 512px) 100vw, 512px\" \/>\t\t\t\t\t\t\t\t\t\t\t\t\t\t\t<\/div>\n\t\t\t\t<\/div>\n\t\t\t\t\t<\/div>\n\t\t<\/div>\n\t\t\t\t<div class=\"elementor-column elementor-col-66 elementor-inner-column elementor-element elementor-element-c160988\" data-id=\"c160988\" data-element_type=\"column\" data-e-type=\"column\" data-settings=\"{&quot;background_background&quot;:&quot;classic&quot;}\">\n\t\t\t<div class=\"elementor-widget-wrap elementor-element-populated\">\n\t\t\t\t\t\t<div class=\"elementor-element elementor-element-44598eb elementor-widget elementor-widget-qi_addons_for_elementor_section_title\" data-id=\"44598eb\" data-element_type=\"widget\" data-e-type=\"widget\" data-widget_type=\"qi_addons_for_elementor_section_title.default\">\n\t\t\t\t<div class=\"elementor-widget-container\">\n\t\t\t\t\t<div class=\"qodef-shortcode qodef-m qodef-qi-section-title qodef-decoration--italic qodef-link--underline-draw qodef-subtitle-icon--left\">\n\t\t\t\t<h5 class=\"qodef-m-subtitle\">\n\t\tWir danken von ganzem Herzen\t\t\t<\/h5>\n\t\t\t<h3 class=\"qodef-m-title\">\n\t\tSpende durch PayPal\t<\/h3>\n\t\t\t<div class=\"qodef-m-text\"><p style=\"text-align: left\"><span style=\"color: #8a2bea\"><a style=\"color: #8a2bea\" href=\"https:\/\/www.paypal.com\/donate\/?hosted_button_id=98K66SZDW982U\" target=\"_blank\" rel=\"noopener\">https:\/\/www.paypal.com\/donate\/?hosted_button_id=98K66SZDW982U<\/a><\/span><\/p><\/div>\n\t<\/div>\n\t\t\t\t<\/div>\n\t\t\t\t<\/div>\n\t\t\t\t<div class=\"elementor-element elementor-element-5c03a151 elementor-widget__width-auto elementor-widget elementor-widget-qbutton\" data-id=\"5c03a151\" data-element_type=\"widget\" data-e-type=\"widget\" data-widget_type=\"qbutton.default\">\n\t\t\t\t<div class=\"elementor-widget-container\">\n\t\t\t\t\t<a href=\"https:\/\/www.paypal.com\/donate\/?hosted_button_id=98K66SZDW982U\" target=\"_blank\"  class=\"qbutton  qbutton_with_icon\" style=\"border-color: #242424; \">Spende durch PayPal<span aria-hidden=\"true\" class=\"qode_icon_font_elegant arrow_right-up button_icon\" style=\"\" ><\/span><\/a>\t\t\t\t<\/div>\n\t\t\t\t<\/div>\n\t\t\t\t\t<\/div>\n\t\t<\/div>\n\t\t\t\t\t<\/div>\n\t\t<\/section>\n\t\t\t\t\t<\/div>\n\t\t<\/div>\n\t\t\t\t\t<\/div>\n\t\t<\/section>\n\t\t\t\t<section class=\"elementor-section elementor-top-section elementor-element elementor-element-b65389a elementor-section-boxed elementor-section-height-default elementor-section-height-default parallax_section_no qode_elementor_container_no qode-content-aligment-left\" data-id=\"b65389a\" data-element_type=\"section\" data-e-type=\"section\" data-settings=\"{&quot;background_background&quot;:&quot;classic&quot;}\">\n\t\t\t\t\t\t<div class=\"elementor-container elementor-column-gap-default\">\n\t\t\t\t\t<div class=\"elementor-column elementor-col-100 elementor-top-column elementor-element elementor-element-9abbb2c\" data-id=\"9abbb2c\" data-element_type=\"column\" data-e-type=\"column\">\n\t\t\t<div class=\"elementor-widget-wrap elementor-element-populated\">\n\t\t\t\t\t\t<section class=\"elementor-section elementor-inner-section elementor-element elementor-element-f240867 elementor-section-full_width qode_elementor_container_inner elementor-section-height-default elementor-section-height-default parallax_section_no qode-content-aligment-left\" data-id=\"f240867\" data-element_type=\"section\" data-e-type=\"section\">\n\t\t\t\t\t\t<div class=\"elementor-container elementor-column-gap-wide\">\n\t\t\t\t\t<div class=\"elementor-column elementor-col-100 elementor-inner-column elementor-element elementor-element-158af6e\" data-id=\"158af6e\" data-element_type=\"column\" data-e-type=\"column\" data-settings=\"{&quot;background_background&quot;:&quot;classic&quot;}\">\n\t\t\t<div class=\"elementor-widget-wrap elementor-element-populated\">\n\t\t\t\t\t\t<div class=\"elementor-element elementor-element-4341c3c elementor-widget elementor-widget-qi_addons_for_elementor_section_title\" data-id=\"4341c3c\" data-element_type=\"widget\" data-e-type=\"widget\" data-widget_type=\"qi_addons_for_elementor_section_title.default\">\n\t\t\t\t<div class=\"elementor-widget-container\">\n\t\t\t\t\t<div class=\"qodef-shortcode qodef-m qodef-qi-section-title qodef-decoration--italic qodef-link--underline-draw qodef-subtitle-icon--left\">\n\t\t\t\t<h5 class=\"qodef-m-subtitle\">\n\t\tSpenden EU L\u00e4nder\t\t\t<\/h5>\n\t\t\t<h3 class=\"qodef-m-title\">\n\t\tSpenden f\u00fcr alle<br \/> EU-L\u00e4nder\t<\/h3>\n\t\t\t<div class=\"qodef-m-text\"><p><strong>F\u00fcr alle EU-L\u00e4nder sendet eure Spende bitte an:<\/strong><\/p><p>YiXue Bildungszentrum gGmbHPostbank Berlin<\/p><p><strong>IBAN:<\/strong> DE52 1001 0010 0850 5511 00<\/p><p><strong>BIC:<\/strong> PBNKDEFF<\/p><p>\u00a0<\/p><p><strong>Zweck der Spende:<\/strong><\/p><p>Bitte schreibe als Verwendungszweck \"Spende\"<\/p><p>\u00a0<\/p><p><strong>Hinweis:<\/strong> Spenden sind steuerlich absetzbar. Wenn du eine Spendenbescheinigung w\u00fcnschst, bitten wir dich, auf der \u00dcberweisung deinen vollst\u00e4ndigen Namen und deine Adresse anzugeben. Wir werden dir dann eine Spendenbescheinigung zusenden.<\/p><\/div>\n\t<\/div>\n\t\t\t\t<\/div>\n\t\t\t\t<\/div>\n\t\t\t\t\t<\/div>\n\t\t<\/div>\n\t\t\t\t\t<\/div>\n\t\t<\/section>\n\t\t\t\t\t<\/div>\n\t\t<\/div>\n\t\t\t\t\t<\/div>\n\t\t<\/section>\n\t\t\t\t<\/div>\n\t\t","protected":false},"excerpt":{"rendered":"<p>Unterst\u00fctze das Projekt Es ist uns ein Herzensanliegen, die Lehre und Weisheit von Wei Ling Yi\u00a0vielen Menschen zug\u00e4nglich zu machen, die nach Gesundheit und spiritueller Entwicklung suchen.\u00a0Wenn Ihr uns unterst\u00fctzen m\u00f6chtet, ist es m\u00f6glich, eine einmalige Spende zu geben oder ein monatlicher Spender zu werden,&#8230;<\/p>\n","protected":false},"author":1,"featured_media":0,"parent":0,"menu_order":0,"comment_status":"closed","ping_status":"closed","template":"full_width.php","meta":{"footnotes":""},"class_list":["post-21400","page","type-page","status-publish","hentry"],"yoast_head":"<!-- This site is optimized with the Yoast SEO plugin v27.4 - https:\/\/yoast.com\/product\/yoast-seo-wordpress\/ -->\n<title>Spenden von Herzen - Ma Ya Hai \u2013 Global Mantra Project for World Peace<\/title>\n<meta name=\"robots\" content=\"index, follow, max-snippet:-1, max-image-preview:large, max-video-preview:-1\" \/>\n<link rel=\"canonical\" href=\"https:\/\/mayahai.org\/de\/spende-von-herzen\/\" \/>\n<meta property=\"og:locale\" content=\"de_DE\" \/>\n<meta property=\"og:type\" content=\"article\" \/>\n<meta property=\"og:title\" content=\"Spenden von Herzen - Ma Ya Hai \u2013 Global Mantra Project for World Peace\" \/>\n<meta property=\"og:description\" content=\"Unterst\u00fctze das Projekt Es ist uns ein Herzensanliegen, die Lehre und Weisheit von Wei Ling Yi\u00a0vielen Menschen zug\u00e4nglich zu machen, die nach Gesundheit und spiritueller Entwicklung suchen.\u00a0Wenn Ihr uns unterst\u00fctzen m\u00f6chtet, ist es m\u00f6glich, eine einmalige Spende zu geben oder ein monatlicher Spender zu werden,...\" \/>\n<meta property=\"og:url\" content=\"https:\/\/mayahai.org\/de\/spende-von-herzen\/\" \/>\n<meta property=\"og:site_name\" content=\"Ma Ya Hai \u2013 Global Mantra Project for World Peace\" \/>\n<meta property=\"article:publisher\" content=\"https:\/\/www.facebook.com\/yixue.de\" \/>\n<meta property=\"article:modified_time\" content=\"2022-10-02T12:32:34+00:00\" \/>\n<meta property=\"og:image\" content=\"https:\/\/mayahai.org\/wp-content\/uploads\/2022\/07\/AdobeStock_172642004.jpg\" \/>\n<meta name=\"twitter:card\" content=\"summary_large_image\" \/>\n<meta name=\"twitter:label1\" content=\"Gesch\u00e4tzte Lesezeit\" \/>\n\t<meta name=\"twitter:data1\" content=\"2\u00a0Minuten\" \/>\n<script type=\"application\/ld+json\" class=\"yoast-schema-graph\">{\"@context\":\"https:\\\/\\\/schema.org\",\"@graph\":[{\"@type\":\"WebPage\",\"@id\":\"https:\\\/\\\/mayahai.org\\\/de\\\/spende-von-herzen\\\/\",\"url\":\"https:\\\/\\\/mayahai.org\\\/de\\\/spende-von-herzen\\\/\",\"name\":\"Spenden von Herzen - Ma Ya Hai \u2013 Global Mantra Project for World Peace\",\"isPartOf\":{\"@id\":\"https:\\\/\\\/mayahai.org\\\/de\\\/#website\"},\"primaryImageOfPage\":{\"@id\":\"https:\\\/\\\/mayahai.org\\\/de\\\/spende-von-herzen\\\/#primaryimage\"},\"image\":{\"@id\":\"https:\\\/\\\/mayahai.org\\\/de\\\/spende-von-herzen\\\/#primaryimage\"},\"thumbnailUrl\":\"https:\\\/\\\/mayahai.org\\\/wp-content\\\/uploads\\\/2022\\\/07\\\/AdobeStock_172642004.jpg\",\"datePublished\":\"2022-08-04T10:39:19+00:00\",\"dateModified\":\"2022-10-02T12:32:34+00:00\",\"breadcrumb\":{\"@id\":\"https:\\\/\\\/mayahai.org\\\/de\\\/spende-von-herzen\\\/#breadcrumb\"},\"inLanguage\":\"de\",\"potentialAction\":[{\"@type\":\"ReadAction\",\"target\":[\"https:\\\/\\\/mayahai.org\\\/de\\\/spende-von-herzen\\\/\"]}]},{\"@type\":\"ImageObject\",\"inLanguage\":\"de\",\"@id\":\"https:\\\/\\\/mayahai.org\\\/de\\\/spende-von-herzen\\\/#primaryimage\",\"url\":\"https:\\\/\\\/mayahai.org\\\/wp-content\\\/uploads\\\/2022\\\/07\\\/AdobeStock_172642004.jpg\",\"contentUrl\":\"https:\\\/\\\/mayahai.org\\\/wp-content\\\/uploads\\\/2022\\\/07\\\/AdobeStock_172642004.jpg\"},{\"@type\":\"BreadcrumbList\",\"@id\":\"https:\\\/\\\/mayahai.org\\\/de\\\/spende-von-herzen\\\/#breadcrumb\",\"itemListElement\":[{\"@type\":\"ListItem\",\"position\":1,\"name\":\"Home\",\"item\":\"https:\\\/\\\/mayahai.org\\\/de\\\/\"},{\"@type\":\"ListItem\",\"position\":2,\"name\":\"Spenden von Herzen\"}]},{\"@type\":\"WebSite\",\"@id\":\"https:\\\/\\\/mayahai.org\\\/de\\\/#website\",\"url\":\"https:\\\/\\\/mayahai.org\\\/de\\\/\",\"name\":\"Ma Ya Hai \u2013 Global Mantra Project for World Peace\",\"description\":\"Ma Ya Hai \u2013 Global Mantra Project for World Peace\",\"publisher\":{\"@id\":\"https:\\\/\\\/mayahai.org\\\/de\\\/#organization\"},\"potentialAction\":[{\"@type\":\"SearchAction\",\"target\":{\"@type\":\"EntryPoint\",\"urlTemplate\":\"https:\\\/\\\/mayahai.org\\\/de\\\/?s={search_term_string}\"},\"query-input\":{\"@type\":\"PropertyValueSpecification\",\"valueRequired\":true,\"valueName\":\"search_term_string\"}}],\"inLanguage\":\"de\"},{\"@type\":\"Organization\",\"@id\":\"https:\\\/\\\/mayahai.org\\\/de\\\/#organization\",\"name\":\"YiXue Bildungszentrum gGmbH\",\"url\":\"https:\\\/\\\/mayahai.org\\\/de\\\/\",\"logo\":{\"@type\":\"ImageObject\",\"inLanguage\":\"de\",\"@id\":\"https:\\\/\\\/mayahai.org\\\/de\\\/#\\\/schema\\\/logo\\\/image\\\/\",\"url\":\"https:\\\/\\\/mayahai.org\\\/wp-content\\\/uploads\\\/2022\\\/05\\\/favicon-32x32-1.png\",\"contentUrl\":\"https:\\\/\\\/mayahai.org\\\/wp-content\\\/uploads\\\/2022\\\/05\\\/favicon-32x32-1.png\",\"width\":32,\"height\":32,\"caption\":\"YiXue Bildungszentrum gGmbH\"},\"image\":{\"@id\":\"https:\\\/\\\/mayahai.org\\\/de\\\/#\\\/schema\\\/logo\\\/image\\\/\"},\"sameAs\":[\"https:\\\/\\\/www.facebook.com\\\/yixue.de\",\"https:\\\/\\\/www.youtube.com\\\/c\\\/YiXueCulture\",\"https:\\\/\\\/www.instagram.com\\\/yixue.cultureofoneness\\\/\"]}]}<\/script>\n<!-- \/ Yoast SEO plugin. -->","yoast_head_json":{"title":"Spenden von Herzen - Ma Ya Hai \u2013 Global Mantra Project for World Peace","robots":{"index":"index","follow":"follow","max-snippet":"max-snippet:-1","max-image-preview":"max-image-preview:large","max-video-preview":"max-video-preview:-1"},"canonical":"https:\/\/mayahai.org\/de\/spende-von-herzen\/","og_locale":"de_DE","og_type":"article","og_title":"Spenden von Herzen - Ma Ya Hai \u2013 Global Mantra Project for World Peace","og_description":"Unterst\u00fctze das Projekt Es ist uns ein Herzensanliegen, die Lehre und Weisheit von Wei Ling Yi\u00a0vielen Menschen zug\u00e4nglich zu machen, die nach Gesundheit und spiritueller Entwicklung suchen.\u00a0Wenn Ihr uns unterst\u00fctzen m\u00f6chtet, ist es m\u00f6glich, eine einmalige Spende zu geben oder ein monatlicher Spender zu werden,...","og_url":"https:\/\/mayahai.org\/de\/spende-von-herzen\/","og_site_name":"Ma Ya Hai \u2013 Global Mantra Project for World Peace","article_publisher":"https:\/\/www.facebook.com\/yixue.de","article_modified_time":"2022-10-02T12:32:34+00:00","og_image":[{"url":"https:\/\/mayahai.org\/wp-content\/uploads\/2022\/07\/AdobeStock_172642004.jpg","type":"","width":"","height":""}],"twitter_card":"summary_large_image","twitter_misc":{"Gesch\u00e4tzte Lesezeit":"2\u00a0Minuten"},"schema":{"@context":"https:\/\/schema.org","@graph":[{"@type":"WebPage","@id":"https:\/\/mayahai.org\/de\/spende-von-herzen\/","url":"https:\/\/mayahai.org\/de\/spende-von-herzen\/","name":"Spenden von Herzen - Ma Ya Hai \u2013 Global Mantra Project for World Peace","isPartOf":{"@id":"https:\/\/mayahai.org\/de\/#website"},"primaryImageOfPage":{"@id":"https:\/\/mayahai.org\/de\/spende-von-herzen\/#primaryimage"},"image":{"@id":"https:\/\/mayahai.org\/de\/spende-von-herzen\/#primaryimage"},"thumbnailUrl":"https:\/\/mayahai.org\/wp-content\/uploads\/2022\/07\/AdobeStock_172642004.jpg","datePublished":"2022-08-04T10:39:19+00:00","dateModified":"2022-10-02T12:32:34+00:00","breadcrumb":{"@id":"https:\/\/mayahai.org\/de\/spende-von-herzen\/#breadcrumb"},"inLanguage":"de","potentialAction":[{"@type":"ReadAction","target":["https:\/\/mayahai.org\/de\/spende-von-herzen\/"]}]},{"@type":"ImageObject","inLanguage":"de","@id":"https:\/\/mayahai.org\/de\/spende-von-herzen\/#primaryimage","url":"https:\/\/mayahai.org\/wp-content\/uploads\/2022\/07\/AdobeStock_172642004.jpg","contentUrl":"https:\/\/mayahai.org\/wp-content\/uploads\/2022\/07\/AdobeStock_172642004.jpg"},{"@type":"BreadcrumbList","@id":"https:\/\/mayahai.org\/de\/spende-von-herzen\/#breadcrumb","itemListElement":[{"@type":"ListItem","position":1,"name":"Home","item":"https:\/\/mayahai.org\/de\/"},{"@type":"ListItem","position":2,"name":"Spenden von Herzen"}]},{"@type":"WebSite","@id":"https:\/\/mayahai.org\/de\/#website","url":"https:\/\/mayahai.org\/de\/","name":"Ma Ya Hai \u2013 Global Mantra Project for World Peace","description":"Ma Ya Hai \u2013 Global Mantra Project for World Peace","publisher":{"@id":"https:\/\/mayahai.org\/de\/#organization"},"potentialAction":[{"@type":"SearchAction","target":{"@type":"EntryPoint","urlTemplate":"https:\/\/mayahai.org\/de\/?s={search_term_string}"},"query-input":{"@type":"PropertyValueSpecification","valueRequired":true,"valueName":"search_term_string"}}],"inLanguage":"de"},{"@type":"Organization","@id":"https:\/\/mayahai.org\/de\/#organization","name":"YiXue Bildungszentrum gGmbH","url":"https:\/\/mayahai.org\/de\/","logo":{"@type":"ImageObject","inLanguage":"de","@id":"https:\/\/mayahai.org\/de\/#\/schema\/logo\/image\/","url":"https:\/\/mayahai.org\/wp-content\/uploads\/2022\/05\/favicon-32x32-1.png","contentUrl":"https:\/\/mayahai.org\/wp-content\/uploads\/2022\/05\/favicon-32x32-1.png","width":32,"height":32,"caption":"YiXue Bildungszentrum gGmbH"},"image":{"@id":"https:\/\/mayahai.org\/de\/#\/schema\/logo\/image\/"},"sameAs":["https:\/\/www.facebook.com\/yixue.de","https:\/\/www.youtube.com\/c\/YiXueCulture","https:\/\/www.instagram.com\/yixue.cultureofoneness\/"]}]}},"_links":{"self":[{"href":"https:\/\/mayahai.org\/de\/wp-json\/wp\/v2\/pages\/21400","targetHints":{"allow":["GET"]}}],"collection":[{"href":"https:\/\/mayahai.org\/de\/wp-json\/wp\/v2\/pages"}],"about":[{"href":"https:\/\/mayahai.org\/de\/wp-json\/wp\/v2\/types\/page"}],"author":[{"embeddable":true,"href":"https:\/\/mayahai.org\/de\/wp-json\/wp\/v2\/users\/1"}],"replies":[{"embeddable":true,"href":"https:\/\/mayahai.org\/de\/wp-json\/wp\/v2\/comments?post=21400"}],"version-history":[{"count":113,"href":"https:\/\/mayahai.org\/de\/wp-json\/wp\/v2\/pages\/21400\/revisions"}],"predecessor-version":[{"id":25713,"href":"https:\/\/mayahai.org\/de\/wp-json\/wp\/v2\/pages\/21400\/revisions\/25713"}],"wp:attachment":[{"href":"https:\/\/mayahai.org\/de\/wp-json\/wp\/v2\/media?parent=21400"}],"curies":[{"name":"wp","href":"https:\/\/api.w.org\/{rel}","templated":true}]}}