{"id":26029,"date":"2022-06-29T13:16:34","date_gmt":"2022-06-29T13:16:34","guid":{"rendered":"https:\/\/mayahai.org\/terms-conditions\/"},"modified":"2022-10-04T15:52:13","modified_gmt":"2022-10-04T15:52:13","slug":"impressum","status":"publish","type":"page","link":"https:\/\/mayahai.org\/de\/impressum\/","title":{"rendered":"Impressum"},"content":{"rendered":"\t\t<div data-elementor-type=\"wp-page\" data-elementor-id=\"26029\" class=\"elementor elementor-26029\">\n\t\t\t\t\t\t<section class=\"elementor-section elementor-top-section elementor-element elementor-element-c0bf376 elementor-section-boxed elementor-section-height-default elementor-section-height-default parallax_section_no qode_elementor_container_no qode-content-aligment-left\" data-id=\"c0bf376\" data-element_type=\"section\" data-e-type=\"section\">\n\t\t\t\t\t\t<div class=\"elementor-container elementor-column-gap-default\">\n\t\t\t\t\t<div class=\"elementor-column elementor-col-100 elementor-top-column elementor-element elementor-element-4e188763\" data-id=\"4e188763\" data-element_type=\"column\" data-e-type=\"column\">\n\t\t\t<div class=\"elementor-widget-wrap elementor-element-populated\">\n\t\t\t\t\t\t<div class=\"elementor-element elementor-element-270aa16c elementor-widget elementor-widget-text-editor\" data-id=\"270aa16c\" data-element_type=\"widget\" data-e-type=\"widget\" data-widget_type=\"text-editor.default\">\n\t\t\t\t<div class=\"elementor-widget-container\">\n\t\t\t\t\t\t\t\t\t<h3>Angaben gem\u00e4\u00df \u00a7 5 TMG<\/h3><p>YiXue Bildungszentrum gGmbH<br \/>Seminarweg 5<br \/>01683 Nossen<\/p><p>Handelsregister: HRB 81281 B<br \/>Registergericht: Berlin-Charlottenburg<\/p><p><strong>Vertreten durch:<\/strong><br \/>Lingyi Wei<\/p><h3>Kontakt<\/h3><p>Telefon: +49(0)35242.4888-0<br \/>Telefax: +49(0)35242.4888-29<br \/>E-Mail: &#x69;&#x6e;&#x66;&#111;&#64;yi&#x78;&#x75;&#x65;&#x2e;&#100;&#101;<\/p><h3>Umsatzsteuer-ID<\/h3><p>Umsatzsteuer-Identifikationsnummer gem\u00e4\u00df \u00a7 27 a Umsatzsteuergesetz:<br \/>DE 30 01 70 0518<\/p><h3>EU-Streitschlichtung<\/h3><p>Die Europ\u00e4ische Kommission stellt eine Plattform zur Online-Streitbeilegung (OS) bereit: <a href=\"https:\/\/ec.europa.eu\/consumers\/odr\/\" target=\"_blank\" rel=\"noopener noreferrer\">https:\/\/ec.europa.eu\/consumers\/odr\/<\/a>.<br \/>Unsere E-Mail-Adresse finden Sie oben im Impressum.<\/p><h3>Verbraucher\u00adstreit\u00adbeilegung\/Universal\u00adschlichtungs\u00adstelle<\/h3><p>Wir sind nicht bereit oder verpflichtet, an Streitbeilegungsverfahren vor einer Verbraucherschlichtungsstelle teilzunehmen.<\/p><p>Quelle: <a href=\"https:\/\/www.e-recht24.de\">eRecht24<\/a><\/p><p>\u00a0<\/p><h3 class=\"bodytext\">Haftung f\u00fcr Inhalte<\/h3><p class=\"bodytext\">Als Diensteanbieter sind wir gem\u00e4\u00df \u00a7 7 Abs.1 TMG f\u00fcr eigene Inhalte auf diesen Seiten nach den allgemeinen Gesetzen verantwortlich. Nach \u00a7\u00a7 8 bis 10 TMG sind wir als Diensteanbieter jedoch nicht verpflichtet, \u00fcbermittelte oder gespeicherte fremde Informationen zu \u00fcberwachen oder nach Umst\u00e4nden zu forschen, die auf eine rechtswidrige T\u00e4tigkeit hinweisen.<\/p><p class=\"bodytext\">Verpflichtungen zur Entfernung oder Sperrung der Nutzung von Informationen nach den allgemeinen Gesetzen bleiben hiervon unber\u00fchrt. Eine diesbez\u00fcgliche Haftung ist jedoch erst ab dem Zeitpunkt der Kenntnis einer konkreten Rechtsverletzung m\u00f6glich. Bei Bekanntwerden von entsprechenden Rechtsverletzungen werden wir diese Inhalte umgehend entfernen.<\/p><h3 class=\"bodytext\">Haftung f\u00fcr Links<\/h3><p class=\"bodytext\">Unser Angebot enth\u00e4lt Links zu externen Websites Dritter, auf deren Inhalte wir keinen Einfluss haben. Deshalb k\u00f6nnen wir f\u00fcr diese fremden Inhalte auch keine Gew\u00e4hr \u00fcbernehmen. F\u00fcr die Inhalte der verlinkten Seiten ist stets der jeweilige Anbieter oder Betreiber der Seiten verantwortlich. Die verlinkten Seiten wurden zum Zeitpunkt der Verlinkung auf m\u00f6gliche Rechtsverst\u00f6\u00dfe \u00fcberpr\u00fcft. Rechtswidrige Inhalte waren zum Zeitpunkt der Verlinkung nicht erkennbar.<\/p><p class=\"bodytext\">Eine permanente inhaltliche Kontrolle der verlinkten Seiten ist jedoch ohne konkrete Anhaltspunkte einer Rechtsverletzung nicht zumutbar. Bei Bekanntwerden von Rechtsverletzungen werden wir derartige Links umgehend entfernen.<\/p><h3>Urheberrecht<\/h3><p>Die durch die Seitenbetreiber erstellten Inhalte und Werke auf diesen Seiten unterliegen dem deutschen Urheberrecht. Die Vervielf\u00e4ltigung, Bearbeitung, Verbreitung und jede Art der Verwertung au\u00dferhalb der Grenzen des Urheberrechtes bed\u00fcrfen der schriftlichen Zustimmung des jeweiligen Autors bzw. Erstellers. Downloads und Kopien dieser Seite sind nur f\u00fcr den privaten, nicht kommerziellen Gebrauch gestattet.<\/p><p>Soweit die Inhalte auf dieser Seite nicht vom Betreiber erstellt wurden, werden die Urheberrechte Dritter beachtet. Insbesondere werden Inhalte Dritter als solche gekennzeichnet. Sollten Sie trotzdem auf eine Urheberrechtsverletzung aufmerksam werden, bitten wir um einen entsprechenden Hinweis. Bei Bekanntwerden von Rechtsverletzungen werden wir derartige Inhalte umgehend entfernen.<\/p>\t\t\t\t\t\t\t\t<\/div>\n\t\t\t\t<\/div>\n\t\t\t\t\t<\/div>\n\t\t<\/div>\n\t\t\t\t\t<\/div>\n\t\t<\/section>\n\t\t\t\t<\/div>\n\t\t","protected":false},"excerpt":{"rendered":"<p>Angaben gem\u00e4\u00df \u00a7 5 TMG YiXue Bildungszentrum gGmbHSeminarweg 501683 Nossen Handelsregister: HRB 81281 BRegistergericht: Berlin-Charlottenburg Vertreten durch:Lingyi Wei Kontakt Telefon: +49(0)35242.4888-0Telefax: +49(0)35242.4888-29E-Mail: &#x69;&#x6e;&#102;&#111;&#64;y&#x69;&#x78;&#x75;&#101;&#46;de Umsatzsteuer-ID Umsatzsteuer-Identifikationsnummer gem\u00e4\u00df \u00a7 27 a Umsatzsteuergesetz:DE 30 01 70 0518 EU-Streitschlichtung Die Europ\u00e4ische Kommission stellt eine Plattform zur Online-Streitbeilegung (OS) bereit:&#8230;<\/p>\n","protected":false},"author":1,"featured_media":0,"parent":0,"menu_order":11,"comment_status":"closed","ping_status":"closed","template":"","meta":{"footnotes":""},"class_list":["post-26029","page","type-page","status-publish","hentry"],"yoast_head":"<!-- This site is optimized with the Yoast SEO plugin v27.4 - https:\/\/yoast.com\/product\/yoast-seo-wordpress\/ -->\n<title>Impressum - Ma Ya Hai \u2013 Global Mantra Project for World Peace<\/title>\n<meta name=\"robots\" content=\"index, follow, max-snippet:-1, max-image-preview:large, max-video-preview:-1\" \/>\n<link rel=\"canonical\" href=\"https:\/\/mayahai.org\/de\/impressum\/\" \/>\n<meta property=\"og:locale\" content=\"de_DE\" \/>\n<meta property=\"og:type\" content=\"article\" \/>\n<meta property=\"og:title\" content=\"Impressum - Ma Ya Hai \u2013 Global Mantra Project for World Peace\" \/>\n<meta property=\"og:description\" content=\"Angaben gem\u00e4\u00df \u00a7 5 TMG YiXue Bildungszentrum gGmbHSeminarweg 501683 Nossen Handelsregister: HRB 81281 BRegistergericht: Berlin-Charlottenburg Vertreten durch:Lingyi Wei Kontakt Telefon: +49(0)35242.4888-0Telefax: +49(0)35242.4888-29E-Mail: inf&#111;&#064;&#121;&#105;&#x78;&#x75;&#x65;&#x2e;&#x64;&#x65; Umsatzsteuer-ID Umsatzsteuer-Identifikationsnummer gem\u00e4\u00df \u00a7 27 a Umsatzsteuergesetz:DE 30 01 70 0518 EU-Streitschlichtung Die Europ\u00e4ische Kommission stellt eine Plattform zur Online-Streitbeilegung (OS) bereit:...\" \/>\n<meta property=\"og:url\" content=\"https:\/\/mayahai.org\/de\/impressum\/\" \/>\n<meta property=\"og:site_name\" content=\"Ma Ya Hai \u2013 Global Mantra Project for World Peace\" \/>\n<meta property=\"article:publisher\" content=\"https:\/\/www.facebook.com\/yixue.de\" \/>\n<meta property=\"article:modified_time\" content=\"2022-10-04T15:52:13+00:00\" \/>\n<meta property=\"og:image\" content=\"https:\/\/mayahai.org\/wp-content\/uploads\/2022\/09\/IMG_ThumbnailYouTube_MaYaHaiSunPyramid-1.jpg\" \/>\n\t<meta property=\"og:image:width\" content=\"1920\" \/>\n\t<meta property=\"og:image:height\" content=\"1080\" \/>\n\t<meta property=\"og:image:type\" content=\"image\/jpeg\" \/>\n<meta name=\"twitter:card\" content=\"summary_large_image\" \/>\n<meta name=\"twitter:label1\" content=\"Gesch\u00e4tzte Lesezeit\" \/>\n\t<meta name=\"twitter:data1\" content=\"3\u00a0Minuten\" \/>\n<script type=\"application\/ld+json\" class=\"yoast-schema-graph\">{\"@context\":\"https:\\\/\\\/schema.org\",\"@graph\":[{\"@type\":\"WebPage\",\"@id\":\"https:\\\/\\\/mayahai.org\\\/de\\\/impressum\\\/\",\"url\":\"https:\\\/\\\/mayahai.org\\\/de\\\/impressum\\\/\",\"name\":\"Impressum - Ma Ya Hai \u2013 Global Mantra Project for World Peace\",\"isPartOf\":{\"@id\":\"https:\\\/\\\/mayahai.org\\\/de\\\/#website\"},\"datePublished\":\"2022-06-29T13:16:34+00:00\",\"dateModified\":\"2022-10-04T15:52:13+00:00\",\"breadcrumb\":{\"@id\":\"https:\\\/\\\/mayahai.org\\\/de\\\/impressum\\\/#breadcrumb\"},\"inLanguage\":\"de\",\"potentialAction\":[{\"@type\":\"ReadAction\",\"target\":[\"https:\\\/\\\/mayahai.org\\\/de\\\/impressum\\\/\"]}]},{\"@type\":\"BreadcrumbList\",\"@id\":\"https:\\\/\\\/mayahai.org\\\/de\\\/impressum\\\/#breadcrumb\",\"itemListElement\":[{\"@type\":\"ListItem\",\"position\":1,\"name\":\"Home\",\"item\":\"https:\\\/\\\/mayahai.org\\\/de\\\/\"},{\"@type\":\"ListItem\",\"position\":2,\"name\":\"Impressum\"}]},{\"@type\":\"WebSite\",\"@id\":\"https:\\\/\\\/mayahai.org\\\/de\\\/#website\",\"url\":\"https:\\\/\\\/mayahai.org\\\/de\\\/\",\"name\":\"Ma Ya Hai \u2013 Global Mantra Project for World Peace\",\"description\":\"Ma Ya Hai \u2013 Global Mantra Project for World Peace\",\"publisher\":{\"@id\":\"https:\\\/\\\/mayahai.org\\\/de\\\/#organization\"},\"potentialAction\":[{\"@type\":\"SearchAction\",\"target\":{\"@type\":\"EntryPoint\",\"urlTemplate\":\"https:\\\/\\\/mayahai.org\\\/de\\\/?s={search_term_string}\"},\"query-input\":{\"@type\":\"PropertyValueSpecification\",\"valueRequired\":true,\"valueName\":\"search_term_string\"}}],\"inLanguage\":\"de\"},{\"@type\":\"Organization\",\"@id\":\"https:\\\/\\\/mayahai.org\\\/de\\\/#organization\",\"name\":\"YiXue Bildungszentrum gGmbH\",\"url\":\"https:\\\/\\\/mayahai.org\\\/de\\\/\",\"logo\":{\"@type\":\"ImageObject\",\"inLanguage\":\"de\",\"@id\":\"https:\\\/\\\/mayahai.org\\\/de\\\/#\\\/schema\\\/logo\\\/image\\\/\",\"url\":\"https:\\\/\\\/mayahai.org\\\/wp-content\\\/uploads\\\/2022\\\/05\\\/favicon-32x32-1.png\",\"contentUrl\":\"https:\\\/\\\/mayahai.org\\\/wp-content\\\/uploads\\\/2022\\\/05\\\/favicon-32x32-1.png\",\"width\":32,\"height\":32,\"caption\":\"YiXue Bildungszentrum gGmbH\"},\"image\":{\"@id\":\"https:\\\/\\\/mayahai.org\\\/de\\\/#\\\/schema\\\/logo\\\/image\\\/\"},\"sameAs\":[\"https:\\\/\\\/www.facebook.com\\\/yixue.de\",\"https:\\\/\\\/www.youtube.com\\\/c\\\/YiXueCulture\",\"https:\\\/\\\/www.instagram.com\\\/yixue.cultureofoneness\\\/\"]}]}<\/script>\n<!-- \/ Yoast SEO plugin. -->","yoast_head_json":{"title":"Impressum - Ma Ya Hai \u2013 Global Mantra Project for World Peace","robots":{"index":"index","follow":"follow","max-snippet":"max-snippet:-1","max-image-preview":"max-image-preview:large","max-video-preview":"max-video-preview:-1"},"canonical":"https:\/\/mayahai.org\/de\/impressum\/","og_locale":"de_DE","og_type":"article","og_title":"Impressum - Ma Ya Hai \u2013 Global Mantra Project for World Peace","og_description":"Angaben gem\u00e4\u00df \u00a7 5 TMG YiXue Bildungszentrum gGmbHSeminarweg 501683 Nossen Handelsregister: HRB 81281 BRegistergericht: Berlin-Charlottenburg Vertreten durch:Lingyi Wei Kontakt Telefon: +49(0)35242.4888-0Telefax: +49(0)35242.4888-29E-Mail: &#x69;&#x6e;&#x66;&#x6f;&#x40;&#x79;&#x69;&#120;&#117;&#101;&#46;&#100;e Umsatzsteuer-ID Umsatzsteuer-Identifikationsnummer gem\u00e4\u00df \u00a7 27 a Umsatzsteuergesetz:DE 30 01 70 0518 EU-Streitschlichtung Die Europ\u00e4ische Kommission stellt eine Plattform zur Online-Streitbeilegung (OS) bereit:...","og_url":"https:\/\/mayahai.org\/de\/impressum\/","og_site_name":"Ma Ya Hai \u2013 Global Mantra Project for World Peace","article_publisher":"https:\/\/www.facebook.com\/yixue.de","article_modified_time":"2022-10-04T15:52:13+00:00","og_image":[{"width":1920,"height":1080,"url":"https:\/\/mayahai.org\/wp-content\/uploads\/2022\/09\/IMG_ThumbnailYouTube_MaYaHaiSunPyramid-1.jpg","type":"image\/jpeg"}],"twitter_card":"summary_large_image","twitter_misc":{"Gesch\u00e4tzte Lesezeit":"3\u00a0Minuten"},"schema":{"@context":"https:\/\/schema.org","@graph":[{"@type":"WebPage","@id":"https:\/\/mayahai.org\/de\/impressum\/","url":"https:\/\/mayahai.org\/de\/impressum\/","name":"Impressum - Ma Ya Hai \u2013 Global Mantra Project for World Peace","isPartOf":{"@id":"https:\/\/mayahai.org\/de\/#website"},"datePublished":"2022-06-29T13:16:34+00:00","dateModified":"2022-10-04T15:52:13+00:00","breadcrumb":{"@id":"https:\/\/mayahai.org\/de\/impressum\/#breadcrumb"},"inLanguage":"de","potentialAction":[{"@type":"ReadAction","target":["https:\/\/mayahai.org\/de\/impressum\/"]}]},{"@type":"BreadcrumbList","@id":"https:\/\/mayahai.org\/de\/impressum\/#breadcrumb","itemListElement":[{"@type":"ListItem","position":1,"name":"Home","item":"https:\/\/mayahai.org\/de\/"},{"@type":"ListItem","position":2,"name":"Impressum"}]},{"@type":"WebSite","@id":"https:\/\/mayahai.org\/de\/#website","url":"https:\/\/mayahai.org\/de\/","name":"Ma Ya Hai \u2013 Global Mantra Project for World Peace","description":"Ma Ya Hai \u2013 Global Mantra Project for World Peace","publisher":{"@id":"https:\/\/mayahai.org\/de\/#organization"},"potentialAction":[{"@type":"SearchAction","target":{"@type":"EntryPoint","urlTemplate":"https:\/\/mayahai.org\/de\/?s={search_term_string}"},"query-input":{"@type":"PropertyValueSpecification","valueRequired":true,"valueName":"search_term_string"}}],"inLanguage":"de"},{"@type":"Organization","@id":"https:\/\/mayahai.org\/de\/#organization","name":"YiXue Bildungszentrum gGmbH","url":"https:\/\/mayahai.org\/de\/","logo":{"@type":"ImageObject","inLanguage":"de","@id":"https:\/\/mayahai.org\/de\/#\/schema\/logo\/image\/","url":"https:\/\/mayahai.org\/wp-content\/uploads\/2022\/05\/favicon-32x32-1.png","contentUrl":"https:\/\/mayahai.org\/wp-content\/uploads\/2022\/05\/favicon-32x32-1.png","width":32,"height":32,"caption":"YiXue Bildungszentrum gGmbH"},"image":{"@id":"https:\/\/mayahai.org\/de\/#\/schema\/logo\/image\/"},"sameAs":["https:\/\/www.facebook.com\/yixue.de","https:\/\/www.youtube.com\/c\/YiXueCulture","https:\/\/www.instagram.com\/yixue.cultureofoneness\/"]}]}},"_links":{"self":[{"href":"https:\/\/mayahai.org\/de\/wp-json\/wp\/v2\/pages\/26029","targetHints":{"allow":["GET"]}}],"collection":[{"href":"https:\/\/mayahai.org\/de\/wp-json\/wp\/v2\/pages"}],"about":[{"href":"https:\/\/mayahai.org\/de\/wp-json\/wp\/v2\/types\/page"}],"author":[{"embeddable":true,"href":"https:\/\/mayahai.org\/de\/wp-json\/wp\/v2\/users\/1"}],"replies":[{"embeddable":true,"href":"https:\/\/mayahai.org\/de\/wp-json\/wp\/v2\/comments?post=26029"}],"version-history":[{"count":14,"href":"https:\/\/mayahai.org\/de\/wp-json\/wp\/v2\/pages\/26029\/revisions"}],"predecessor-version":[{"id":26043,"href":"https:\/\/mayahai.org\/de\/wp-json\/wp\/v2\/pages\/26029\/revisions\/26043"}],"wp:attachment":[{"href":"https:\/\/mayahai.org\/de\/wp-json\/wp\/v2\/media?parent=26029"}],"curies":[{"name":"wp","href":"https:\/\/api.w.org\/{rel}","templated":true}]}}